{"id":2178,"date":"2025-01-21T21:11:45","date_gmt":"2025-01-21T21:11:45","guid":{"rendered":"https:\/\/www.cnyn.unam.mx\/?page_id=2178"},"modified":"2025-01-21T21:17:15","modified_gmt":"2025-01-21T21:17:15","slug":"secretaria-administrativa","status":"publish","type":"page","link":"https:\/\/www.cnyn.unam.mx\/?page_id=2178","title":{"rendered":"Secretar\u00eda Administrativa"},"content":{"rendered":"<div class=\"wpb-content-wrapper\"><p>[vc_row full_width=&#8221;stretch_row_content_no_spaces&#8221; bg_type=&#8221;image&#8221; parallax_style=&#8221;vcpb-default&#8221; bg_image_new=&#8221;id^579|url^https:\/\/www.cnyn.unam.mx\/wp-content\/uploads\/2023\/04\/bgtop_dpto-bionanotecnologia.jpg|caption^null|alt^null|title^bgtop_dpto-bionanotecnologia|description^null&#8221; bg_image_repeat=&#8221;no-repeat&#8221; el_id=&#8221;bgtop_curvabottom&#8221; el_class=&#8221;clipbottom&#8221;][vc_column][vc_column_text el_class=&#8221;texto_titulo_depto&#8221;]<\/p>\n<h1 style=\"text-align: center;\"><span style=\"color: #ffffff;\"><strong>Secretar\u00eda Administrativa<\/strong><\/span><\/h1>\n<p>[\/vc_column_text][vc_single_image image=&#8221;495&#8243; img_size=&#8221;full&#8221; alignment=&#8221;center&#8221; el_class=&#8221;curva_topseccion&#8221; css=&#8221;.vc_custom_1737487695652{margin-bottom: 0px !important;}&#8221;][\/vc_column][\/vc_row][vc_row full_width=&#8221;stretch_row&#8221; css=&#8221;.vc_custom_1700156386758{background-color: #ffffff !important;}&#8221; el_class=&#8221;wrapper_info_departamento&#8221; el_id=&#8221;objetivos&#8221;][vc_column width=&#8221;1\/2&#8243;][vc_single_image image=&#8221;1639&#8243; img_size=&#8221;400&#215;600&#8243; alignment=&#8221;center&#8221;][\/vc_column][vc_column width=&#8221;1\/2&#8243;][vc_column_text]<\/p>\n<h3>C.P. Icela Medina Castro<strong><br \/>\n<\/strong><\/h3>\n<div><strong>Contacto:<\/strong><\/div>\n<div>Tel. 646175-0650<\/div>\n<div>Ext.: 703<br \/>\nDirecci\u00f3n de correo electr\u00f3nico:<br \/>\nimedina@ens.cnyn.unam.mx<\/div>\n<div><\/div>\n<div><\/div>\n<div><\/div>\n<p>[\/vc_column_text][\/vc_column][\/vc_row][vc_row][vc_column width=&#8221;1\/2&#8243;][vc_column_text]La Secretar\u00eda Administrativa del CNyN tiene como responsabilidad principal proporcionar apoyo administrativo para facilitar las labores de investigaci\u00f3n, docencia y difusi\u00f3n de la cultura realizadas por el personal acad\u00e9mico.<\/p>\n<p>Entre sus funciones se incluye auxiliar a la Direcci\u00f3n en la coordinaci\u00f3n, supervisi\u00f3n y ejecuci\u00f3n de asuntos administrativos, as\u00ed como en la elaboraci\u00f3n del anteproyecto y control del ejercicio presupuestal del Centro.<\/p>\n<p>Administra los fondos asignados, incluyendo los provenientes de proyectos patrocinados, y elabora los informes financieros correspondientes. Tambi\u00e9n gestiona tr\u00e1mites relacionados con nombramientos, licencias, vi\u00e1ticos y otros aspectos del personal del Centro, supervisando sus labores y controlando la asistencia. Adem\u00e1s, es responsable de adquirir bienes y servicios, almacenar y distribuir materiales, y coordinar servicios de mensajer\u00eda y aseo.<\/p>\n<p>Informa peri\u00f3dicamente a las jefaturas de departamento y a los responsables de proyectos sobre el estado de sus presupuestos, participa en la Comisi\u00f3n de Evaluaci\u00f3n del Personal Administrativo y elabora informes de actividades administrativas. La Secretar\u00eda cumple con las instrucciones de la Direcci\u00f3n y aquellas se\u00f1aladas por la Legislaci\u00f3n Universitaria.[\/vc_column_text][\/vc_column][vc_column width=&#8221;1\/2&#8243;][\/vc_column][\/vc_row]<\/p>\n<\/div>","protected":false},"excerpt":{"rendered":"<p>[vc_row full_width=&#8221;stretch_row_content_no_spaces&#8221; bg_type=&#8221;image&#8221; parallax_style=&#8221;vcpb-default&#8221; bg_image_new=&#8221;id^579|url^https:\/\/www.cnyn.unam.mx\/wp-content\/uploads\/2023\/04\/bgtop_dpto-bionanotecnologia.jpg|caption^null|alt^null|title^bgtop_dpto-bionanotecnologia|description^null&#8221; bg_image_repeat=&#8221;no-repeat&#8221; el_id=&#8221;bgtop_curvabottom&#8221; el_class=&#8221;clipbottom&#8221;][vc_column][vc_column_text el_class=&#8221;texto_titulo_depto&#8221;] Secretar\u00eda Administrativa [\/vc_column_text][vc_single_image image=&#8221;495&#8243; img_size=&#8221;full&#8221; alignment=&#8221;center&#8221; el_class=&#8221;curva_topseccion&#8221; css=&#8221;.vc_custom_1737487695652{margin-bottom: 0px !important;}&#8221;][\/vc_column][\/vc_row][vc_row full_width=&#8221;stretch_row&#8221; css=&#8221;.vc_custom_1700156386758{background-color: #ffffff !important;}&#8221; el_class=&#8221;wrapper_info_departamento&#8221; el_id=&#8221;objetivos&#8221;][vc_column width=&#8221;1\/2&#8243;][vc_single_image image=&#8221;1639&#8243; img_size=&#8221;400&#215;600&#8243; alignment=&#8221;center&#8221;][\/vc_column][vc_column width=&#8221;1\/2&#8243;][vc_column_text] C.P. Icela Medina Castro Contacto: Tel. 646175-0650 Ext.: 703 Direcci\u00f3n&#8230;<\/p>\n","protected":false},"author":1,"featured_media":0,"parent":0,"menu_order":0,"comment_status":"closed","ping_status":"closed","template":"","meta":{"inline_featured_image":false,"footnotes":""},"_links":{"self":[{"href":"https:\/\/www.cnyn.unam.mx\/index.php?rest_route=\/wp\/v2\/pages\/2178"}],"collection":[{"href":"https:\/\/www.cnyn.unam.mx\/index.php?rest_route=\/wp\/v2\/pages"}],"about":[{"href":"https:\/\/www.cnyn.unam.mx\/index.php?rest_route=\/wp\/v2\/types\/page"}],"author":[{"embeddable":true,"href":"https:\/\/www.cnyn.unam.mx\/index.php?rest_route=\/wp\/v2\/users\/1"}],"replies":[{"embeddable":true,"href":"https:\/\/www.cnyn.unam.mx\/index.php?rest_route=%2Fwp%2Fv2%2Fcomments&post=2178"}],"version-history":[{"count":4,"href":"https:\/\/www.cnyn.unam.mx\/index.php?rest_route=\/wp\/v2\/pages\/2178\/revisions"}],"predecessor-version":[{"id":2183,"href":"https:\/\/www.cnyn.unam.mx\/index.php?rest_route=\/wp\/v2\/pages\/2178\/revisions\/2183"}],"wp:attachment":[{"href":"https:\/\/www.cnyn.unam.mx\/index.php?rest_route=%2Fwp%2Fv2%2Fmedia&parent=2178"}],"curies":[{"name":"wp","href":"https:\/\/api.w.org\/{rel}","templated":true}]}}