{"id":2399,"date":"2025-05-07T19:16:28","date_gmt":"2025-05-07T19:16:28","guid":{"rendered":"https:\/\/www.cnyn.unam.mx\/?page_id=2399"},"modified":"2025-05-07T19:16:41","modified_gmt":"2025-05-07T19:16:41","slug":"comite-de-etica","status":"publish","type":"page","link":"https:\/\/www.cnyn.unam.mx\/?page_id=2399","title":{"rendered":"Comit\u00e9 de \u00c9tica"},"content":{"rendered":"<div class=\"wpb-content-wrapper\"><p>[vc_row el_id=&#8221;floatmenu&#8221;][vc_column][\/vc_column][\/vc_row][vc_row full_width=&#8221;stretch_row&#8221; bg_type=&#8221;image&#8221; parallax_style=&#8221;vcpb-default&#8221; bg_image_new=&#8221;id^256|url^https:\/\/www.cnyn.unam.mx\/wp-content\/uploads\/2023\/01\/bgtop_cnyn.jpg|caption^null|alt^null|title^bgtop_cnyn|description^null&#8221; bg_image_repeat=&#8221;no-repeat&#8221; bg_image_posiiton=&#8221;center center&#8221; el_id=&#8221;topseccion_flat&#8221;][vc_column][vc_column_text el_class=&#8221;titulo_seccionflat&#8221;]<\/p>\n<h1 style=\"text-align: center;\"><span style=\"color: #ffffff;\">COMIT\u00c9 DE \u00c9TICA<\/span><\/h1>\n<p>[\/vc_column_text][\/vc_column][\/vc_row][vc_row full_width=&#8221;stretch_row&#8221; css=&#8221;.vc_custom_1673548745071{background-color: #f3f3f3 !important;}&#8221; el_id=&#8221;misionvision&#8221;][vc_column][vc_empty_space][vc_column_text]<strong>Dr. Rub\u00e9n Cadena Nava<\/strong> (Dep. de Bionanotecnolog\u00eda) Presidente<br \/>\n<strong>Dr. Andrey Simakov<\/strong> (Dep. de Nanocat\u00e1lisis) Secretario<br \/>\n<strong>Dr. Jes\u00fas A. Maytorena C\u00f3rdova<\/strong> (Dep. de F\u00edsica) Vocal<br \/>\n<strong>M. en C. Ana L. M\u00edsquez Mercado<\/strong> (Servicios Comunes) Vocal<br \/>\n<strong>M. en C. Aldo G. Rodr\u00edguez Guerrero<\/strong> (Dep. de Modelaci\u00f3n de Nanomateriales) Vocal[\/vc_column_text][vc_empty_space][\/vc_column][\/vc_row]<\/p>\n<\/div>","protected":false},"excerpt":{"rendered":"<p>[vc_row el_id=&#8221;floatmenu&#8221;][vc_column][\/vc_column][\/vc_row][vc_row full_width=&#8221;stretch_row&#8221; bg_type=&#8221;image&#8221; parallax_style=&#8221;vcpb-default&#8221; bg_image_new=&#8221;id^256|url^https:\/\/www.cnyn.unam.mx\/wp-content\/uploads\/2023\/01\/bgtop_cnyn.jpg|caption^null|alt^null|title^bgtop_cnyn|description^null&#8221; bg_image_repeat=&#8221;no-repeat&#8221; bg_image_posiiton=&#8221;center center&#8221; el_id=&#8221;topseccion_flat&#8221;][vc_column][vc_column_text el_class=&#8221;titulo_seccionflat&#8221;] COMIT\u00c9 DE \u00c9TICA [\/vc_column_text][\/vc_column][\/vc_row][vc_row full_width=&#8221;stretch_row&#8221; css=&#8221;.vc_custom_1673548745071{background-color: #f3f3f3 !important;}&#8221; el_id=&#8221;misionvision&#8221;][vc_column][vc_empty_space][vc_column_text]Dr. Rub\u00e9n Cadena Nava (Dep. de Bionanotecnolog\u00eda) Presidente Dr. Andrey Simakov (Dep. de Nanocat\u00e1lisis) Secretario Dr. Jes\u00fas A. Maytorena C\u00f3rdova (Dep&#8230;.<\/p>\n","protected":false},"author":1,"featured_media":0,"parent":0,"menu_order":0,"comment_status":"closed","ping_status":"closed","template":"","meta":{"inline_featured_image":false,"footnotes":""},"_links":{"self":[{"href":"https:\/\/www.cnyn.unam.mx\/index.php?rest_route=\/wp\/v2\/pages\/2399"}],"collection":[{"href":"https:\/\/www.cnyn.unam.mx\/index.php?rest_route=\/wp\/v2\/pages"}],"about":[{"href":"https:\/\/www.cnyn.unam.mx\/index.php?rest_route=\/wp\/v2\/types\/page"}],"author":[{"embeddable":true,"href":"https:\/\/www.cnyn.unam.mx\/index.php?rest_route=\/wp\/v2\/users\/1"}],"replies":[{"embeddable":true,"href":"https:\/\/www.cnyn.unam.mx\/index.php?rest_route=%2Fwp%2Fv2%2Fcomments&post=2399"}],"version-history":[{"count":1,"href":"https:\/\/www.cnyn.unam.mx\/index.php?rest_route=\/wp\/v2\/pages\/2399\/revisions"}],"predecessor-version":[{"id":2400,"href":"https:\/\/www.cnyn.unam.mx\/index.php?rest_route=\/wp\/v2\/pages\/2399\/revisions\/2400"}],"wp:attachment":[{"href":"https:\/\/www.cnyn.unam.mx\/index.php?rest_route=%2Fwp%2Fv2%2Fmedia&parent=2399"}],"curies":[{"name":"wp","href":"https:\/\/api.w.org\/{rel}","templated":true}]}}