{"id":34,"date":"2023-01-12T01:38:40","date_gmt":"2023-01-12T01:38:40","guid":{"rendered":"https:\/\/www.cnyn.unam.mx\/?page_id=34"},"modified":"2025-04-11T20:36:03","modified_gmt":"2025-04-11T20:36:03","slug":"departamento-nanoestructuras","status":"publish","type":"page","link":"https:\/\/www.cnyn.unam.mx\/?page_id=34","title":{"rendered":"Departamento Nanoestructuras"},"content":{"rendered":"<div class=\"wpb-content-wrapper\"><p>[vc_row el_id=&#8221;floatmenu&#8221;][vc_column][vc_wp_custommenu nav_menu=&#8221;18&#8243;][vc_raw_html]JTNDYnV0dG9uJTIwb25jbGljayUzRCUyMm15RnVuY3Rpb24lMjglMjklMjIlMjBjbGFzcyUzRCUyMnRvZ2dsZWJ0biUyMiUzRSUzQ2klMjBjbGFzcyUzRCUyMmZhLXNvbGlkJTIwZmEtY2hldnJvbi1sZWZ0JTIyJTNFJTNDJTJGaSUzRSUzQyUyRmJ1dHRvbiUzRSUwQSUzQ3NjcmlwdCUzRSUwQWZ1bmN0aW9uJTIwbXlGdW5jdGlvbiUyOCUyOSUyMCU3QiUwQSUyMCUyMHZhciUyMGVsZW1lbnQlMjAlM0QlMjBkb2N1bWVudC5nZXRFbGVtZW50QnlJZCUyOCUyMmZsb2F0bWVudSUyMiUyOSUzQiUwQSUyMCUyMGVsZW1lbnQuY2xhc3NMaXN0LnRvZ2dsZSUyOCUyMmNsb3NlZCUyMiUyOSUzQiUwQSU3RCUwQSUzQyUyRnNjcmlwdCUzRQ==[\/vc_raw_html][\/vc_column][\/vc_row][vc_row full_width=&#8221;stretch_row_content_no_spaces&#8221; bg_type=&#8221;image&#8221; parallax_style=&#8221;vcpb-default&#8221; bg_image_new=&#8221;id^528|url^https:\/\/www.cnyn.unam.mx\/wp-content\/uploads\/2023\/04\/bgtop_dpto-nanoestructuras.jpg|caption^null|alt^null|title^bgtop_dpto-nanoestructuras|description^null&#8221; bg_image_repeat=&#8221;no-repeat&#8221; el_id=&#8221;bgtop_curvabottom&#8221; el_class=&#8221;clipbottom&#8221;][vc_column][vc_column_text el_class=&#8221;texto_titulo_depto&#8221;]<\/p>\n<h1 style=\"text-align: center;\"><span style=\"color: #ffffff;\"><strong>Nanoestructuras<\/strong><\/span><\/h1>\n<h5 style=\"text-align: center;\"><span style=\"color: #ffffff;\">Jefe del departamento<\/span><br \/>\n<span style=\"color: #c5911f;\">Dr. Oscar Edel Contreras L\u00f3pez<\/span><\/h5>\n<p style=\"text-align: center;\"><span style=\"color: #ffffff;\">ocontreras@ens.cnyn.unam.mx | Ext. 362<\/span><\/p>\n<p>[\/vc_column_text][vc_single_image image=&#8221;495&#8243; img_size=&#8221;full&#8221; alignment=&#8221;center&#8221; el_class=&#8221;curva_topseccion&#8221; css=&#8221;.vc_custom_1700157354075{margin-bottom: 0px !important;}&#8221;][\/vc_column][\/vc_row][vc_row full_width=&#8221;stretch_row&#8221; css=&#8221;.vc_custom_1700156386758{background-color: #ffffff !important;}&#8221; el_class=&#8221;wrapper_info_departamento&#8221; el_id=&#8221;objetivos&#8221;][vc_column][vc_column_text]<\/p>\n<h3><span style=\"color: #1c3d6c;\">Objetivos<\/span><\/h3>\n<p>[\/vc_column_text][vc_column_text]<span style=\"font-weight: 400;\">El objetivo del Departamento de Nanoestructuras es el modelado te\u00f3rico, la fabricaci\u00f3n, caracterizaci\u00f3n y aplicaci\u00f3n de los materiales nanoestructurados.<\/span>[\/vc_column_text][\/vc_column][\/vc_row][vc_row full_width=&#8221;stretch_row&#8221; css=&#8221;.vc_custom_1673586564411{background-color: #f3f3f3 !important;}&#8221; el_class=&#8221;wrapper_info_departamento&#8221; el_id=&#8221;lineas_investigacion&#8221;][vc_column][vc_column_text]<\/p>\n<h3>L\u00edneas de investigaci\u00f3n<\/h3>\n<p>[\/vc_column_text][vc_row_inner][vc_column_inner][vc_column_text][\/vc_column_text][vc_column_text]<span style=\"font-weight: 400;\">El Departamento desarrolla investigaci\u00f3n te\u00f3rica con <\/span><span style=\"font-weight: 400;\">C\u00e1lculos de primeros principios de propiedades estructurales y electr\u00f3nicas de materiales, adsorci\u00f3n de \u00e1tomos y mol\u00e9culas en superficies.\u00a0\u00a0<\/span><\/p>\n<p><span style=\"font-weight: 400;\">En el \u00e1rea experimental, investiga la s\u00edntesis, caracterizaci\u00f3n, dopaje y ensamble de materiales nanoestructurados, tales como nanotubos, nanopart\u00edculas met\u00e1licas, nanovarillas, adsorci\u00f3n de mol\u00e9culas en superficies, nanopart\u00edculas plasm\u00f3nicas, micro y nano dispositivos (\u201cprueba de concepto\u201d).<\/span>[\/vc_column_text][\/vc_column_inner][\/vc_row_inner][vc_separator][\/vc_column][\/vc_row][vc_row full_width=&#8221;stretch_row&#8221; css=&#8221;.vc_custom_1673648893161{background-color: #f3f3f3 !important;}&#8221; el_class=&#8221;wrapper_info_departamento&#8221; el_id=&#8221;personal_academico&#8221;][vc_column][vc_column_text css=&#8221;.vc_custom_1700168743772{margin-bottom: 70px !important;}&#8221;]<\/p>\n<h3>Personal acad\u00e9mico<\/h3>\n<p>El personal acad\u00e9mico del Departamento de Nanoestructuras est\u00e1 formado por siete investigadores y cuatro t\u00e9cnicos acad\u00e9micos.[\/vc_column_text][vc_column_text]<span style=\"font-weight: 400;\">Investigadores:<\/span><\/p>\n<p><span style=\"font-weight: 400;\"><a href=\"https:\/\/www.cnyn.unam.mx\/?p=1507\" target=\"_blank\" rel=\"noopener\">Dra. Ana Karina Cuentas Gallegos<\/a>, Investigador Titular \u201cB\u201d, SNI III,\u00a0 PRIDE C<\/span><\/p>\n<p><span style=\"font-weight: 400;\"><a href=\"https:\/\/www.cnyn.unam.mx\/?p=1485\" target=\"_blank\" rel=\"noopener\">Dr. Leonardo Morales de la Garza<\/a>, Investigador Titular \u201cB\u201d, PRIDE B<\/span><\/p>\n<p><span style=\"font-weight: 400;\"><a href=\"https:\/\/www.cnyn.unam.mx\/?p=1487\" target=\"_blank\" rel=\"noopener\">Dr. Jos\u00e9 Manuel Romo Herrera<\/a>, Investigador Titular\u00a0 \u201cA\u201d, SNI II, PRIDE C<\/span><\/p>\n<p><span style=\"font-weight: 400;\"><a href=\"https:\/\/www.cnyn.unam.mx\/?p=1489\" target=\"_blank\" rel=\"noopener\">Dr. Gerardo Soto Herrera,<\/a> Investigador Titular \u201cB\u201d, SNI II, PRIDE C<\/span><\/p>\n<p><span style=\"font-weight: 400;\"><a href=\"https:\/\/www.cnyn.unam.mx\/?p=1478\" target=\"_blank\" rel=\"noopener\">Dr. Oscar Edel Contreras L\u00f3pez<\/a>, Investigador Titular \u201cB\u201d, SNI II, PRIDE C<\/span><\/p>\n<p><span style=\"font-weight: 400;\"><a href=\"https:\/\/www.cnyn.unam.mx\/?p=1481\" target=\"_blank\" rel=\"noopener\">Dr. Noboru Takeuchi Tan<\/a>, Investigador Titular \u201cC\u201d, SNI III, PRIDE D<\/span><\/p>\n<p>&nbsp;<\/p>\n<p><span style=\"font-weight: 400;\">T\u00e9cnicos acad\u00e9micos:<\/span><\/p>\n<p><span style=\"font-weight: 400;\"><a href=\"https:\/\/www.cnyn.unam.mx\/?p=1451\" target=\"_blank\" rel=\"noopener\">M.C. Martha Eloisa Aparicio Ceja<\/a>, T\u00e9cnico Acad\u00e9mico Titular \u201cC\u201d, PRIDE D<\/span><\/p>\n<p><span style=\"font-weight: 400;\"><a href=\"https:\/\/www.cnyn.unam.mx\/?p=1456\" target=\"_blank\" rel=\"noopener\">Dr. Jes\u00fas Antonio D\u00edaz Hern\u00e1ndez<\/a>, T\u00e9cnico Acad\u00e9mico Titular \u201cC\u201d, PRIDE C<\/span><\/p>\n<p><span style=\"font-weight: 400;\"><a href=\"https:\/\/www.cnyn.unam.mx\/?p=1458\" target=\"_blank\" rel=\"noopener\">Ing. Israel Gradilla Mart\u00ednez<\/a>, T\u00e9cnico Acad\u00e9mico Titular \u201cC\u201d, PRIDE C<\/span><\/p>\n<p><span style=\"font-weight: 400;\"><a href=\"https:\/\/www.cnyn.unam.mx\/?p=1460\" target=\"_blank\" rel=\"noopener\">Dr. Eduardo Murillo Bracamontes<\/a>, T\u00e9cnico Acad\u00e9mico Titular \u201cB\u201d, SNI I, PRIDE C<\/span>[\/vc_column_text][\/vc_column][\/vc_row][vc_row full_width=&#8221;stretch_row&#8221; el_id=&#8221;estudiantes_asociados&#8221; el_class=&#8221;wrapper_info_departamento&#8221; css=&#8221;.vc_custom_1700157578735{background-color: #f3f3f3 !important;}&#8221;][vc_column][vc_column_text el_id=&#8221;lineasinvestigacion&#8221;]<\/p>\n<h3><span style=\"color: #1c3d6c;\">Estudiantes asociados<\/span><\/h3>\n<p>[\/vc_column_text][vc_row_inner el_id=&#8221;row_estudiantes&#8221;][vc_column_inner width=&#8221;1\/2&#8243;][\/vc_column_inner][vc_column_inner width=&#8221;1\/2&#8243;][\/vc_column_inner][\/vc_row_inner][\/vc_column][\/vc_row][vc_row full_width=&#8221;stretch_row&#8221; el_id=&#8221;laboratorios&#8221; el_class=&#8221;wrapper_info_departamento&#8221;][vc_column][vc_column_text]<\/p>\n<h3><span style=\"color: #1c3d6c;\">Laboratorios<\/span><\/h3>\n<p>[\/vc_column_text][vc_row_inner][vc_column_inner][vc_column_text]<\/p>\n<ul>\n<li><span style=\"font-weight: 400;\">-Laboratorio de s\u00edntesis de micro y nanoestructuras<\/span><\/li>\n<li><span style=\"font-weight: 400;\">-Laboratorio de Micro y Nanofabricaci\u00f3n (LAMINA), por abrirse pr\u00f3ximanente.<\/span><\/li>\n<\/ul>\n<p>[\/vc_column_text][\/vc_column_inner][\/vc_row_inner][vc_separator][\/vc_column][\/vc_row][vc_row el_id=&#8221;colaboraciones_internacionales&#8221; el_class=&#8221;wrapper_info_departamento&#8221;][vc_column][vc_column_text el_class=&#8221;bullets_colaboraciones&#8221;]<\/p>\n<h3><span style=\"color: #1c3d6c;\">Colaboraciones Nacionales e Internacionales<\/span><\/h3>\n<p>[\/vc_column_text][vc_row_inner][vc_column_inner][vc_column_text]<strong>Nacionales:<\/strong><\/p>\n<ul>\n<li><span style=\"font-weight: 400;\">Universidad de Sonora<\/span><\/li>\n<li><span style=\"font-weight: 400;\">Universidad Aut\u00f3noma de Baja California<\/span><\/li>\n<\/ul>\n<p>[\/vc_column_text][vc_column_text][\/vc_column_text][\/vc_column_inner][\/vc_row_inner][vc_separator][\/vc_column][\/vc_row][vc_row el_id=&#8221;publicaciones_depto&#8221; el_class=&#8221;wrapper_info_departamento&#8221;][vc_column][vc_column_text el_class=&#8221;bullets_colaboraciones&#8221;]<\/p>\n<h3><span style=\"color: #1c3d6c;\">Publicaciones<\/span><\/h3>\n<p>[\/vc_column_text][vc_row_inner][vc_column_inner][\/vc_column_inner][\/vc_row_inner][vc_separator][\/vc_column][\/vc_row][vc_row full_width=&#8221;stretch_row&#8221; el_id=&#8221;proyectos_vigentes&#8221; el_class=&#8221;wrapper_info_departamento&#8221;][vc_column][vc_column_text el_id=&#8221;titulo_proyectosvigentes&#8221;]<\/p>\n<h3><span style=\"color: #1c3d6c;\">Proyectos vigentes<\/span><\/h3>\n<p>[\/vc_column_text][vc_row_inner][vc_column_inner][vc_column_text][\/vc_column_text][vc_column_text][\/vc_column_text][\/vc_column_inner][\/vc_row_inner][\/vc_column][\/vc_row]<\/p>\n<\/div>","protected":false},"excerpt":{"rendered":"<p>[vc_row el_id=&#8221;floatmenu&#8221;][vc_column][vc_wp_custommenu nav_menu=&#8221;18&#8243;][vc_raw_html]JTNDYnV0dG9uJTIwb25jbGljayUzRCUyMm15RnVuY3Rpb24lMjglMjklMjIlMjBjbGFzcyUzRCUyMnRvZ2dsZWJ0biUyMiUzRSUzQ2klMjBjbGFzcyUzRCUyMmZhLXNvbGlkJTIwZmEtY2hldnJvbi1sZWZ0JTIyJTNFJTNDJTJGaSUzRSUzQyUyRmJ1dHRvbiUzRSUwQSUzQ3NjcmlwdCUzRSUwQWZ1bmN0aW9uJTIwbXlGdW5jdGlvbiUyOCUyOSUyMCU3QiUwQSUyMCUyMHZhciUyMGVsZW1lbnQlMjAlM0QlMjBkb2N1bWVudC5nZXRFbGVtZW50QnlJZCUyOCUyMmZsb2F0bWVudSUyMiUyOSUzQiUwQSUyMCUyMGVsZW1lbnQuY2xhc3NMaXN0LnRvZ2dsZSUyOCUyMmNsb3NlZCUyMiUyOSUzQiUwQSU3RCUwQSUzQyUyRnNjcmlwdCUzRQ==[\/vc_raw_html][\/vc_column][\/vc_row][vc_row full_width=&#8221;stretch_row_content_no_spaces&#8221; bg_type=&#8221;image&#8221; parallax_style=&#8221;vcpb-default&#8221; bg_image_new=&#8221;id^528|url^https:\/\/www.cnyn.unam.mx\/wp-content\/uploads\/2023\/04\/bgtop_dpto-nanoestructuras.jpg|caption^null|alt^null|title^bgtop_dpto-nanoestructuras|description^null&#8221; bg_image_repeat=&#8221;no-repeat&#8221; el_id=&#8221;bgtop_curvabottom&#8221; el_class=&#8221;clipbottom&#8221;][vc_column][vc_column_text el_class=&#8221;texto_titulo_depto&#8221;] Nanoestructuras Jefe del departamento Dr. Oscar Edel Contreras L\u00f3pez ocontreras@ens.cnyn.unam.mx | Ext. 362 [\/vc_column_text][vc_single_image image=&#8221;495&#8243; img_size=&#8221;full&#8221; alignment=&#8221;center&#8221; el_class=&#8221;curva_topseccion&#8221; css=&#8221;.vc_custom_1700157354075{margin-bottom: 0px !important;}&#8221;][\/vc_column][\/vc_row][vc_row full_width=&#8221;stretch_row&#8221; css=&#8221;.vc_custom_1700156386758{background-color: #ffffff !important;}&#8221; el_class=&#8221;wrapper_info_departamento&#8221; el_id=&#8221;objetivos&#8221;][vc_column][vc_column_text] Objetivos [\/vc_column_text][vc_column_text]El&#8230;<\/p>\n","protected":false},"author":1,"featured_media":0,"parent":0,"menu_order":0,"comment_status":"closed","ping_status":"closed","template":"","meta":{"inline_featured_image":false,"footnotes":""},"_links":{"self":[{"href":"https:\/\/www.cnyn.unam.mx\/index.php?rest_route=\/wp\/v2\/pages\/34"}],"collection":[{"href":"https:\/\/www.cnyn.unam.mx\/index.php?rest_route=\/wp\/v2\/pages"}],"about":[{"href":"https:\/\/www.cnyn.unam.mx\/index.php?rest_route=\/wp\/v2\/types\/page"}],"author":[{"embeddable":true,"href":"https:\/\/www.cnyn.unam.mx\/index.php?rest_route=\/wp\/v2\/users\/1"}],"replies":[{"embeddable":true,"href":"https:\/\/www.cnyn.unam.mx\/index.php?rest_route=%2Fwp%2Fv2%2Fcomments&post=34"}],"version-history":[{"count":37,"href":"https:\/\/www.cnyn.unam.mx\/index.php?rest_route=\/wp\/v2\/pages\/34\/revisions"}],"predecessor-version":[{"id":2315,"href":"https:\/\/www.cnyn.unam.mx\/index.php?rest_route=\/wp\/v2\/pages\/34\/revisions\/2315"}],"wp:attachment":[{"href":"https:\/\/www.cnyn.unam.mx\/index.php?rest_route=%2Fwp%2Fv2%2Fmedia&parent=34"}],"curies":[{"name":"wp","href":"https:\/\/api.w.org\/{rel}","templated":true}]}}