{"id":38,"date":"2023-01-12T01:39:05","date_gmt":"2023-01-12T01:39:05","guid":{"rendered":"https:\/\/www.cnyn.unam.mx\/?page_id=38"},"modified":"2024-04-25T16:58:04","modified_gmt":"2024-04-25T16:58:04","slug":"departamento-fisicoquimica-de-nanomateriales","status":"publish","type":"page","link":"https:\/\/www.cnyn.unam.mx\/?page_id=38","title":{"rendered":"Departamento F\u00edsicoqu\u00edmica de Nanomateriales"},"content":{"rendered":"<div class=\"wpb-content-wrapper\"><p>[vc_row el_id=&#8221;floatmenu&#8221;][vc_column][vc_wp_custommenu nav_menu=&#8221;21&#8243;][vc_raw_html]JTNDYnV0dG9uJTIwb25jbGljayUzRCUyMm15RnVuY3Rpb24lMjglMjklMjIlMjBjbGFzcyUzRCUyMnRvZ2dsZWJ0biUyMiUzRSUzQ2klMjBjbGFzcyUzRCUyMmZhLXNvbGlkJTIwZmEtY2hldnJvbi1sZWZ0JTIyJTNFJTNDJTJGaSUzRSUzQyUyRmJ1dHRvbiUzRSUwQSUzQ3NjcmlwdCUzRSUwQWZ1bmN0aW9uJTIwbXlGdW5jdGlvbiUyOCUyOSUyMCU3QiUwQSUyMCUyMHZhciUyMGVsZW1lbnQlMjAlM0QlMjBkb2N1bWVudC5nZXRFbGVtZW50QnlJZCUyOCUyMmZsb2F0bWVudSUyMiUyOSUzQiUwQSUyMCUyMGVsZW1lbnQuY2xhc3NMaXN0LnRvZ2dsZSUyOCUyMmNsb3NlZCUyMiUyOSUzQiUwQSU3RCUwQSUzQyUyRnNjcmlwdCUzRQ==[\/vc_raw_html][\/vc_column][\/vc_row][vc_row full_width=&#8221;stretch_row_content_no_spaces&#8221; bg_type=&#8221;image&#8221; parallax_style=&#8221;vcpb-default&#8221; bg_image_new=&#8221;id^581|url^https:\/\/www.cnyn.unam.mx\/wp-content\/uploads\/2023\/04\/bgtop_dpto-fisicoquimica.jpg|caption^null|alt^null|title^bgtop_dpto-fisicoquimica|description^null&#8221; bg_image_repeat=&#8221;no-repeat&#8221; el_id=&#8221;bgtop_curvabottom&#8221; el_class=&#8221;clipbottom&#8221;][vc_column][vc_column_text el_class=&#8221;texto_titulo_depto&#8221;]<\/p>\n<h1 style=\"text-align: center;\"><span style=\"color: #ffffff;\"><strong>Fisicoqu\u00edmica de Nanomateriales<\/strong><\/span><\/h1>\n<h5 style=\"text-align: center;\"><span style=\"color: #ffffff;\">Jefe del departamento<\/span><br \/>\n<span style=\"color: #c5911f;\">Dr. Felipe Francisco Castill\u00f3n Barraza<br \/>\n<\/span><\/h5>\n<p style=\"text-align: center;\"><span style=\"color: #ffffff;\"><a style=\"color: #ffffff;\" href=\"mailto:fcastillon@ens.cnyn.unam.mx\">fcastillon@ens.cnyn.unam.mx<\/a> | Ext. 350<br \/>\n<\/span><\/p>\n<p>[\/vc_column_text][vc_single_image image=&#8221;495&#8243; img_size=&#8221;full&#8221; alignment=&#8221;center&#8221; el_class=&#8221;curva_topseccion&#8221; css=&#8221;.vc_custom_1682637130660{margin-bottom: 0px !important;}&#8221;][\/vc_column][\/vc_row][vc_row full_width=&#8221;stretch_row&#8221; el_class=&#8221;wrapper_info_departamento&#8221; el_id=&#8221;text_dptofisica&#8221;][vc_column][vc_single_image image=&#8221;359&#8243; img_size=&#8221;full&#8221; alignment=&#8221;center&#8221;][vc_column_text]<\/p>\n<h3 style=\"text-align: center;\"><span style=\"color: #1c3d6c;\">Estudio experimental y te\u00f3rico de las propiedades f\u00edsicas y qu\u00edmicas de pel\u00edculas delgadas, nanopart\u00edculas, c\u00famulos, superficies e interfases y sus aplicaciones<\/span><\/h3>\n<p>&nbsp;<\/p>\n<p>[\/vc_column_text][vc_column_text]<\/p>\n<h3><span style=\"color: #1c3d6c;\">Objetivos<\/span><\/h3>\n<p>El principal objetivo de nuestro departamento es la investigaci\u00f3n y elaboraci\u00f3n de materiales novedosos con potencial aplicaci\u00f3n tecnol\u00f3gica, particularmente en forma de pel\u00edculas delgadas y nanopart\u00edculas.<\/p>\n<p>Se realizan estudios experimentales de las propiedades f\u00edsicas y qu\u00edmicas de nitruros y \u00f3xidos de metales de transici\u00f3n, materiales luminiscentes, superconductores, c\u00famulos de oro y plata, catalizadores, grafeno, entre otros diversos materiales.[\/vc_column_text][\/vc_column][\/vc_row][vc_row full_width=&#8221;stretch_row&#8221; css=&#8221;.vc_custom_1673586564411{background-color: #f3f3f3 !important;}&#8221; el_class=&#8221;wrapper_info_departamento&#8221; el_id=&#8221;lineas_investigacion&#8221;][vc_column][vc_column_text]<\/p>\n<h3><span style=\"color: #1c3d6c;\">L\u00edneas de investigaci\u00f3n<\/span><\/h3>\n<p>[\/vc_column_text][vc_row_inner][vc_column_inner][vc_column_text]<\/p>\n<ul>\n<li>F\u00edsica de superficiesNanomedicinaIngenier\u00eda de Superficies y NanoestructurasNANODID = Grupo de Nanociencias para el Desarrollo e Implementaci\u00f3n de DispositivosMateriales LuminiscentesPropiedades Electr\u00f3nicas de Sistemas CristalinosFotocat\u00e1lisis\n<p>Desarrollo de Materiales Magn\u00e9ticos Nanoestructurados<\/li>\n<\/ul>\n<p>[\/vc_column_text][\/vc_column_inner][\/vc_row_inner][vc_separator][\/vc_column][\/vc_row][vc_row full_width=&#8221;stretch_row&#8221; css=&#8221;.vc_custom_1673648893161{background-color: #f3f3f3 !important;}&#8221; el_class=&#8221;wrapper_info_departamento&#8221; el_id=&#8221;personal_academico&#8221;][vc_column][vc_column_text css=&#8221;.vc_custom_1714063818093{margin-bottom: 70px !important;}&#8221;]<\/p>\n<h3><span style=\"color: #1c3d6c;\">Personal acad\u00e9mico<\/span><\/h3>\n<p>El personal acad\u00e9mico del Departamento de Fisicoqu\u00edmica de Nanomateriales est\u00e1 formado por:<\/p>\n<p><b>Investigadores<\/b><\/p>\n<p>Dra. Nina Bogdantchikova,\u00a0Titular C, SNI III, PRIDE D<\/p>\n<p>Dr. Felipe Francisco Castill\u00f3n Barraza, Titular A, SNI I, PRIDE C<\/p>\n<p>Dr. Wencel Jos\u00e9 De La Cruz Hern\u00e1ndez,\u00a0Titular A, SNI III, PRIDE C<\/p>\n<p>Dr. Mario Humberto Far\u00edas S\u00e1nchez,\u00a0Titular C, SNI III, PRIDE C<\/p>\n<p>Dr. Gustavo Alonso Hirata Flores,\u00a0Titular C, SNI III, PRIDE C<\/p>\n<p>Dr. Hugo Jes\u00fas Tiznado V\u00e1squez,\u00a0Asociado C, SNI II, PRIDE C<\/p>\n<p>&nbsp;<\/p>\n<p><b>T\u00e9cnicos Acad\u00e9micos<\/b><\/p>\n<p>Dr. Harvi Alirio Castillo Cuero, Titular A, SNI 1, PRIDE B<\/p>\n<p>&nbsp;<\/p>\n<p><b>Investigadores CONACYT:<\/b><\/p>\n<p>Dra. Diana Garibo Ruiz SNI 1.<\/p>\n<p>Dr. Javier L\u00f3pez Medina SNI 1.<\/p>\n<p>&nbsp;<\/p>\n<p><b>Posdoctorantes<\/b><\/p>\n<p>Dr. Ra\u00fal Avil\u00e9s Monreal SNI 1<\/p>\n<p>Dr. Prakhar Sengar SNI 1<\/p>\n<p>Dr. Bonifacio Can Uc SNI 1<\/p>\n<p>Dr. Osvaldo Navas Olivas SNI Candidato<\/p>\n<p>Yazmin Casta\u00f1eda Yslas\u00a0 SNI Candidata<\/p>\n<p>[\/vc_column_text]<div id=\"ult-carousel-265299891969e79007c251a\" class=\"ult-carousel-wrapper   ult_horizontal\" data-gutter=\"15\" data-rtl=\"false\" ><div class=\"ult-carousel-68223358869e79007c246c \" ><\/div><\/div>\t\t\t<script type=\"text\/javascript\">\n\t\t\t\tjQuery(document).ready(function ($) {\n\t\t\t\t\tif( typeof jQuery('.ult-carousel-68223358869e79007c246c').slick == \"function\"){\n\t\t\t\t\t\t$('.ult-carousel-68223358869e79007c246c').slick({dots: false,autoplay: true,autoplaySpeed: \"5000\",speed: \"300\",infinite: true,arrows: true,nextArrow: '<button type=\"button\" role=\"button\" aria-label=\"Next\" style=\"color:#ffffff; font-size:29px;background:rgba(0,0,0,0.51);\" class=\"slick-next circle-bg\"><i class=\"ultsl-arrow-right4\"><\/i><\/button>',prevArrow: '<button type=\"button\" role=\"button\" aria-label=\"Previous\" style=\"color:#ffffff; font-size:29px;background:rgba(0,0,0,0.51);\" class=\"slick-prev circle-bg\"><i class=\"ultsl-arrow-left4\"><\/i><\/button>',slidesToScroll:1,slidesToShow:1,swipe: true,draggable: true,touchMove: true,pauseOnHover: true,pauseOnFocus: false,responsive: [\n\t\t\t\t\t\t\t{\n\t\t\t\t\t\t\t  breakpoint: 1026,\n\t\t\t\t\t\t\t  settings: {\n\t\t\t\t\t\t\t\tslidesToShow: 1,\n\t\t\t\t\t\t\t\tslidesToScroll: 1,  \n\t\t\t\t\t\t\t  }\n\t\t\t\t\t\t\t},\n\t\t\t\t\t\t\t{\n\t\t\t\t\t\t\t  breakpoint: 1025,\n\t\t\t\t\t\t\t  settings: {\n\t\t\t\t\t\t\t\tslidesToShow: 1,\n\t\t\t\t\t\t\t\tslidesToScroll: 1\n\t\t\t\t\t\t\t  }\n\t\t\t\t\t\t\t},\n\t\t\t\t\t\t\t{\n\t\t\t\t\t\t\t  breakpoint: 760,\n\t\t\t\t\t\t\t  settings: {\n\t\t\t\t\t\t\t\tslidesToShow: 1,\n\t\t\t\t\t\t\t\tslidesToScroll: 1\n\t\t\t\t\t\t\t  }\n\t\t\t\t\t\t\t}\n\t\t\t\t\t\t],pauseOnDotsHover: true,customPaging: function(slider, i) {\n                   return '<i type=\"button\" style= \"color:#333333;\" class=\"ultsl-record\" data-role=\"none\"><\/i>';\n                },});\n\t\t\t\t\t}\n\t\t\t\t});\n\t\t\t<\/script>\n\t\t\t[\/vc_column][\/vc_row][vc_row full_width=&#8221;stretch_row&#8221; el_id=&#8221;estudiantes_asociados&#8221; el_class=&#8221;wrapper_info_departamento&#8221; css=&#8221;.vc_custom_1700156752129{background-color: #f3f3f3 !important;}&#8221;][vc_column][vc_column_text el_id=&#8221;lineasinvestigacion&#8221;]<\/p>\n<h3><span style=\"color: #1c3d6c;\">Estudiantes asociados<\/span><\/h3>\n<p>[\/vc_column_text][vc_row_inner el_id=&#8221;row_estudiantes&#8221;][vc_column_inner width=&#8221;1\/2&#8243;][vc_column_text]<\/p>\n<h5><span style=\"color: #1c3d6c;\">Doctorado<\/span><\/h5>\n<ul>\n<li><\/li>\n<\/ul>\n<p>[\/vc_column_text][\/vc_column_inner][vc_column_inner width=&#8221;1\/2&#8243;][vc_column_text]<\/p>\n<h5><span style=\"color: #1c3d6c;\">Maestr\u00eda<\/span><\/h5>\n<ul>\n<li><\/li>\n<\/ul>\n<p>[\/vc_column_text][\/vc_column_inner][\/vc_row_inner][\/vc_column][\/vc_row][vc_row full_width=&#8221;stretch_row&#8221; el_id=&#8221;laboratorios&#8221; el_class=&#8221;wrapper_info_departamento&#8221;][vc_column][vc_column_text]<\/p>\n<h3><span style=\"color: #1c3d6c;\">Laboratorios<\/span><\/h3>\n<p>[\/vc_column_text][vc_row_inner][vc_column_inner][vc_column_text]<\/p>\n<ul>\n<li>-S\u00edntesis de Nanomateriales-Ingenier\u00eda de Superficies.-Nanomedicina.-<a href=\"https:\/\/www.cnyn.unam.mx\/wpcnyn\/?page_id=789\">Ablaci\u00f3n l\u00e1ser<\/a> \/ XPS-<a href=\"https:\/\/www.cnyn.unam.mx\/wpcnyn\/?page_id=811\">Luminiscencia<\/a>\u00a0 I-<a href=\"https:\/\/www.cnyn.unam.mx\/wpcnyn\/?page_id=811\">Luminiscencia<\/a>\u00a0 II-<a href=\"https:\/\/www.cnyn.unam.mx\/wpcnyn\/?page_id=799\">S\u00edntesis de recubrimientos por Erosi\u00f3n i\u00f3nica<\/a>\u00a0\/ XPS<\/li>\n<li><\/li>\n<li><b>Infraestructura<\/b>La infraestructura, sobre todo la de equipo mayor, que est\u00e1 instalada en nuestro departamento est\u00e1 encaminada a cumplir el objetivo b\u00e1sico de las investigaciones que se realizan. Este objetivo es la investigaci\u00f3n y elaboraci\u00f3n de materiales novedosos con potencial aplicaci\u00f3n tecnol\u00f3gica, particularmente en forma de pel\u00edculas delgadas y nanopart\u00edculas. Se realizan estudios experimentales de las propiedades f\u00edsicas y qu\u00edmicas de nitruros y \u00f3xidos de metales de transici\u00f3n, materiales luminiscentes, superconductores, c\u00famulos de oro y plata, catalizadores, grafeno, aceros, entre otros materiales de inter\u00e9s.1.- Sistema de crecimiento de pel\u00edculas delgadas mediante la t\u00e9cnica de ablaci\u00f3n l\u00e1ser, con capacidad de an\u00e1lisis qu\u00edmico de superficies in-situ a trav\u00e9s de espectroscopias de electrones fotoemitidos y de electrones Auger. Para llevar a cabo esta caracterizaci\u00f3n, se dispone de un ca\u00f1\u00f3n de electrones, una fuente de rayos X monocrom\u00e1tica con \u00e1nodos de aluminio y plata, un analizador hemisf\u00e9rico con detector 1DLD de 75 canales y una fuente de rayos-X est\u00e1ndar con \u00e1nodos de aluminio y magnesio.2.- Un sistema de crecimiento de pel\u00edculas mediante la t\u00e9cnica de erosi\u00f3n i\u00f3nica reactiva (Sputtering) con doble ca\u00f1\u00f3n, con la capacidad de realizar caracterizaci\u00f3n in-situ a trav\u00e9s de espectroscopias de electrones fotoemitidos y de electrones Auger, utilizando el sistema PHI-545. La fuente de rayos X es est\u00e1ndar, con \u00e1nodos de aluminio y magnesio.3.- Tres sistemas de crecimiento de pel\u00edculas delgadas mediante la t\u00e9cnica de erosi\u00f3n i\u00f3nica (Sputtering) de un solo ca\u00f1\u00f3n, con fuentes tanto de corriente continua (DC) como de radiofrecuencia (RF).4.- Para la caracterizaci\u00f3n el\u00e9ctrica, se dispone de un sistema de medici\u00f3n de efecto Hall, un micromanipulador conectado a un sistema de caracterizaci\u00f3n de semiconductores de la marca Keithley (modelo 4200 SCS), y un sistema de medici\u00f3n de resistencia superficial de 4 puntas colineales.\n<p>5.- Equipo para dep\u00f3sito de pel\u00edculas delgadas mediante la t\u00e9cnica de dep\u00f3sito por capa at\u00f3mica (ALD, por sus siglas en ingles). Permite el crecimiento de materiales control subnanom\u00e9trico del espesor. Los materiales t\u00edpicos son Al2O3, TiO2, ZnO, ZrO2, Y2O3, HfO2, entre otros.<\/p>\n<p>6.- Sistemas de Dep\u00f3sito de Pel\u00edculas Delgadas incluyendo Resonancia Electr\u00f3nica por Ciclotr\u00f3n, Ablaci\u00f3n Laser, Erosi\u00f3n I\u00f3nica AC y DC, Vapor qu\u00edmico metalorg\u00e1nico.<\/p>\n<p>7.- Sistema para medici\u00f3n de Radioluminiscencia, para medir niveles de excitaci\u00f3n en \u00e1tomos o mol\u00e9culas para probar propiedades como fosforescencia y\/o fluorescencia en materiales.<\/p>\n<p>8.- S\u00edntesis por Combusti\u00f3n de Alta Presi\u00f3n, para obtener materiales con un alto grado de cristalinidad y con la fase cristalogr\u00e1fica deseada.<\/p>\n<p>9.- Sistema de medici\u00f3n de Catodoluminiscencia, para el estudio de luz visible de materiales, debido a la inclusi\u00f3n de iones met\u00e1licos como centros de color. (Temp. Nitr\u00f3geno l\u00edquido)<\/p>\n<p>10.- Espectrofluor\u00f3metro Hitachi F-7000 (Espectros de Emisi\u00f3n y Excitaci\u00f3n de fotoluminiscencia y Eficiencia Cu\u00e1ntica) para medir la intensidad de la fluorescencia con respecto a una longitud de onda determinada en los modos de emisi\u00f3n y excitaci\u00f3n, con la ventaja de este equipo que permite medir la eficiencia cu\u00e1ntica en materiales seleccionados.<\/li>\n<\/ul>\n<p>[\/vc_column_text][\/vc_column_inner][\/vc_row_inner][vc_separator][\/vc_column][\/vc_row][vc_row el_id=&#8221;colaboraciones_internacionales&#8221; el_class=&#8221;wrapper_info_departamento&#8221;][vc_column][vc_column_text el_id=&#8221;titulo_colaboraciones&#8221;]<\/p>\n<h3><span style=\"color: #1c3d6c;\">Colaboraciones Nacionales e Internacionales<\/span><\/h3>\n<p>[\/vc_column_text][vc_column_text el_class=&#8221;subtitulo_colaboraciones&#8221;]<strong>Colaboraciones Activas<\/strong>[\/vc_column_text][vc_row_inner][vc_column_inner][vc_column_text]<\/p>\n<ul>\n<li>Nacionales:<\/li>\n<li>Universidad de Sonora<\/li>\n<li>Universidad Aut\u00f3noma de Baja California<\/li>\n<\/ul>\n<p>[\/vc_column_text][\/vc_column_inner][\/vc_row_inner][vc_row_inner][vc_column_inner width=&#8221;1\/2&#8243;][\/vc_column_inner][vc_column_inner width=&#8221;1\/2&#8243;][\/vc_column_inner][\/vc_row_inner][vc_separator][\/vc_column][\/vc_row][vc_row el_id=&#8221;publicaciones_depto&#8221; el_class=&#8221;wrapper_info_departamento&#8221;][vc_column][vc_column_text el_class=&#8221;bullets_colaboraciones&#8221;]<\/p>\n<h3><span style=\"color: #1c3d6c;\">Publicaciones<\/span><\/h3>\n<p>[\/vc_column_text][vc_row_inner][vc_column_inner][vc_column_text]<\/p>\n<ul>\n<li>Insulating Carbon Nanotubes by Atomic Layer Deposition for Electrical Wiring Purposes<\/li>\n<li>Pulsed-bed atomic layer deposition setup for powder coating<\/li>\n<li>Nanocomposite YCrO3\/Al2O3: Characterization of the Core\u2212Shell, Magnetic Properties, and Enhancement of Dielectric Properties<\/li>\n<li>Organized plasmonic clusters with high coordination number and extraordinary SERS enhancement<\/li>\n<li>Covalently bonded three-dimensional carb\u00f3n nanotube solids via boron induced nanojunctions<\/li>\n<\/ul>\n<p>[\/vc_column_text][\/vc_column_inner][\/vc_row_inner][vc_separator][\/vc_column][\/vc_row][vc_row full_width=&#8221;stretch_row&#8221; el_id=&#8221;proyectos_vigentes&#8221; el_class=&#8221;wrapper_info_departamento&#8221;][vc_column][vc_column_text el_id=&#8221;titulo_proyectosvigentes&#8221;]<\/p>\n<h3><span style=\"color: #1c3d6c;\">Proyectos vigentes<\/span><\/h3>\n<p>[\/vc_column_text][vc_row_inner][vc_column_inner width=&#8221;1\/2&#8243;][vc_column_text][\/vc_column_text][vc_column_text][\/vc_column_text][\/vc_column_inner][vc_column_inner width=&#8221;1\/2&#8243;][vc_column_text][\/vc_column_text][\/vc_column_inner][\/vc_row_inner][\/vc_column][\/vc_row]<\/p>\n<\/div>","protected":false},"excerpt":{"rendered":"<p>[vc_row el_id=&#8221;floatmenu&#8221;][vc_column][vc_wp_custommenu nav_menu=&#8221;21&#8243;][vc_raw_html]JTNDYnV0dG9uJTIwb25jbGljayUzRCUyMm15RnVuY3Rpb24lMjglMjklMjIlMjBjbGFzcyUzRCUyMnRvZ2dsZWJ0biUyMiUzRSUzQ2klMjBjbGFzcyUzRCUyMmZhLXNvbGlkJTIwZmEtY2hldnJvbi1sZWZ0JTIyJTNFJTNDJTJGaSUzRSUzQyUyRmJ1dHRvbiUzRSUwQSUzQ3NjcmlwdCUzRSUwQWZ1bmN0aW9uJTIwbXlGdW5jdGlvbiUyOCUyOSUyMCU3QiUwQSUyMCUyMHZhciUyMGVsZW1lbnQlMjAlM0QlMjBkb2N1bWVudC5nZXRFbGVtZW50QnlJZCUyOCUyMmZsb2F0bWVudSUyMiUyOSUzQiUwQSUyMCUyMGVsZW1lbnQuY2xhc3NMaXN0LnRvZ2dsZSUyOCUyMmNsb3NlZCUyMiUyOSUzQiUwQSU3RCUwQSUzQyUyRnNjcmlwdCUzRQ==[\/vc_raw_html][\/vc_column][\/vc_row][vc_row full_width=&#8221;stretch_row_content_no_spaces&#8221; bg_type=&#8221;image&#8221; parallax_style=&#8221;vcpb-default&#8221; bg_image_new=&#8221;id^581|url^https:\/\/www.cnyn.unam.mx\/wp-content\/uploads\/2023\/04\/bgtop_dpto-fisicoquimica.jpg|caption^null|alt^null|title^bgtop_dpto-fisicoquimica|description^null&#8221; bg_image_repeat=&#8221;no-repeat&#8221; el_id=&#8221;bgtop_curvabottom&#8221; el_class=&#8221;clipbottom&#8221;][vc_column][vc_column_text el_class=&#8221;texto_titulo_depto&#8221;] Fisicoqu\u00edmica de Nanomateriales Jefe del departamento Dr. Felipe Francisco Castill\u00f3n Barraza fcastillon@ens.cnyn.unam.mx | Ext. 350 [\/vc_column_text][vc_single_image image=&#8221;495&#8243; img_size=&#8221;full&#8221; alignment=&#8221;center&#8221; el_class=&#8221;curva_topseccion&#8221; css=&#8221;.vc_custom_1682637130660{margin-bottom: 0px !important;}&#8221;][\/vc_column][\/vc_row][vc_row full_width=&#8221;stretch_row&#8221; el_class=&#8221;wrapper_info_departamento&#8221; el_id=&#8221;text_dptofisica&#8221;][vc_column][vc_single_image image=&#8221;359&#8243; img_size=&#8221;full&#8221; alignment=&#8221;center&#8221;][vc_column_text]&#8230;<\/p>\n","protected":false},"author":1,"featured_media":0,"parent":0,"menu_order":0,"comment_status":"closed","ping_status":"closed","template":"","meta":{"inline_featured_image":false,"footnotes":""},"_links":{"self":[{"href":"https:\/\/www.cnyn.unam.mx\/index.php?rest_route=\/wp\/v2\/pages\/38"}],"collection":[{"href":"https:\/\/www.cnyn.unam.mx\/index.php?rest_route=\/wp\/v2\/pages"}],"about":[{"href":"https:\/\/www.cnyn.unam.mx\/index.php?rest_route=\/wp\/v2\/types\/page"}],"author":[{"embeddable":true,"href":"https:\/\/www.cnyn.unam.mx\/index.php?rest_route=\/wp\/v2\/users\/1"}],"replies":[{"embeddable":true,"href":"https:\/\/www.cnyn.unam.mx\/index.php?rest_route=%2Fwp%2Fv2%2Fcomments&post=38"}],"version-history":[{"count":21,"href":"https:\/\/www.cnyn.unam.mx\/index.php?rest_route=\/wp\/v2\/pages\/38\/revisions"}],"predecessor-version":[{"id":849,"href":"https:\/\/www.cnyn.unam.mx\/index.php?rest_route=\/wp\/v2\/pages\/38\/revisions\/849"}],"wp:attachment":[{"href":"https:\/\/www.cnyn.unam.mx\/index.php?rest_route=%2Fwp%2Fv2%2Fmedia&parent=38"}],"curies":[{"name":"wp","href":"https:\/\/api.w.org\/{rel}","templated":true}]}}