{"id":48,"date":"2023-01-12T01:40:40","date_gmt":"2023-01-12T01:40:40","guid":{"rendered":"https:\/\/www.cnyn.unam.mx\/?page_id=48"},"modified":"2025-05-05T20:10:42","modified_gmt":"2025-05-05T20:10:42","slug":"laboratorio-ablacion-laser","status":"publish","type":"page","link":"https:\/\/www.cnyn.unam.mx\/?page_id=48","title":{"rendered":"Laboratorio Ablaci\u00f3n l\u00e1ser"},"content":{"rendered":"<div class=\"wpb-content-wrapper\"><p>[vc_row el_id=&#8221;floatmenu&#8221;][vc_column][vc_wp_custommenu nav_menu=&#8221;17&#8243; title=&#8221;LABORATORIOS&#8221;][vc_raw_html]JTNDYnV0dG9uJTIwb25jbGljayUzRCUyMm15RnVuY3Rpb24lMjglMjklMjIlMjBjbGFzcyUzRCUyMnRvZ2dsZWJ0biUyMiUzRSUzQ2klMjBjbGFzcyUzRCUyMmZhLXNvbGlkJTIwZmEtY2hldnJvbi1sZWZ0JTIyJTNFJTNDJTJGaSUzRSUzQyUyRmJ1dHRvbiUzRSUwQSUzQ3NjcmlwdCUzRSUwQWZ1bmN0aW9uJTIwbXlGdW5jdGlvbiUyOCUyOSUyMCU3QiUwQSUyMCUyMHZhciUyMGVsZW1lbnQlMjAlM0QlMjBkb2N1bWVudC5nZXRFbGVtZW50QnlJZCUyOCUyMmZsb2F0bWVudSUyMiUyOSUzQiUwQSUyMCUyMGVsZW1lbnQuY2xhc3NMaXN0LnRvZ2dsZSUyOCUyMmNsb3NlZCUyMiUyOSUzQiUwQSU3RCUwQSUzQyUyRnNjcmlwdCUzRQ==[\/vc_raw_html][\/vc_column][\/vc_row][vc_row full_width=&#8221;stretch_row&#8221; bg_type=&#8221;image&#8221; parallax_style=&#8221;vcpb-default&#8221; bg_image_new=&#8221;id^409|url^https:\/\/www.cnyn.unam.mx\/wp-content\/uploads\/2023\/01\/bgtop_laboratorio.jpg|caption^null|alt^null|title^bgtop_laboratorio|description^null&#8221; bg_image_repeat=&#8221;no-repeat&#8221; bg_image_posiiton=&#8221;center center&#8221; el_id=&#8221;topseccion_laboratorio&#8221;][vc_column][vc_column_text el_id=&#8221;titulo_laboratorio&#8221;]<\/p>\n<h1 style=\"text-align: center;\"><strong><span style=\"color: #ffffff;\">Ablaci\u00f3n L\u00e1ser<\/span><\/strong><\/h1>\n<h5 style=\"text-align: center;\"><span style=\"color: #ffffff;\">LABORATORIOS<\/span><\/h5>\n<p>[\/vc_column_text][vc_column_text el_id=&#8221;cargo_laboratorio&#8221;]<\/p>\n<h5 style=\"text-align: center;\"><span style=\"color: #ffffff;\">A cargo de Laboratorio <\/span><br \/>\n<span style=\"color: #c5911f;\">Dr. Wencel de la Cruz<\/span><\/h5>\n<p style=\"text-align: center;\"><span style=\"color: #ffffff;\">(646) 175 0650 Ext. 403<\/span><\/p>\n<p>[\/vc_column_text][\/vc_column][\/vc_row][vc_row full_width=&#8221;stretch_row&#8221; css=&#8221;.vc_custom_1673656525175{background-color: #f3f3f3 !important;}&#8221; el_id=&#8221;integrantes_laboratorio&#8221;][vc_column width=&#8221;1\/3&#8243;][vc_column_text]<\/p>\n<h5><strong><span style=\"color: #1c3d6c;\">Investigadores:<\/span><\/strong><\/h5>\n<ul>\n<li>Dr. Wencel de la Cruz<\/li>\n<\/ul>\n<p>[\/vc_column_text][\/vc_column][vc_column width=&#8221;1\/3&#8243;][vc_column_text]<\/p>\n<h5><strong><span style=\"color: #1c3d6c;\">T\u00e9cnicos:<\/span><\/strong><\/h5>\n<p>[\/vc_column_text][\/vc_column][vc_column width=&#8221;1\/3&#8243;][vc_column_text]<\/p>\n<h5><strong><span style=\"color: #1c3d6c;\">Estudiantes:<\/span><\/strong><\/h5>\n<p>I. Estudiantes de Doctorado:<\/p>\n<p>1.- Cristhian Pomares Hern\u00e1ndez<br \/>\n2.- Ivonne Silva Contreras<\/p>\n<p>II. Estudiantes de Maestr\u00eda:<\/p>\n<p>3.- Elizabeth Robles<br \/>\n4. Emilio Castillo Ochoa<\/p>\n<p>III. Estudiantes de Licenciatura<\/p>\n<p>5. Jonathan Rosas<\/p>\n<p>6. Jorge Miguel Martinez<\/p>\n<div>7. Diego Espinosa<\/div>\n<p>[\/vc_column_text][\/vc_column][\/vc_row][vc_row el_id=&#8221;sobre_laboratorio&#8221;][vc_column][vc_column_text]<\/p>\n<h3><strong><span style=\"color: #1c3d6c;\">Actividades primordiales<\/span><\/strong><\/h3>\n<ul>\n<li>Caracterizaci\u00f3n qu\u00edmica de materiales por la t\u00e9cnica de XPS<\/li>\n<li>Investigaci\u00f3n en part\u00edculas met\u00e1licas y nuevos materiales en forma de pel\u00edculas delgadas.<\/li>\n<\/ul>\n<h3><strong><span style=\"color: #1c3d6c;\">Equipo mayor con que se cuenta<\/span><\/strong><\/h3>\n<ul>\n<li>Equipo de Ablaci\u00f3n laser RIBER LDM-32 con an\u00e1lisis in-situ de espectroscop\u00edas Auger.<\/li>\n<li>Xray Photoelectron Spectroscopy (XPS).<\/li>\n<li>Electron Energy Loss Spectroscopy (EELS).<\/li>\n<li>Reflection High Energy Electron Difraction (RHEED).<\/li>\n<li>Sistema de medici\u00f3n de efecto Hall, marca ECOPIA<\/li>\n<\/ul>\n<h3><strong><span style=\"color: #1c3d6c;\">Equipo de c\u00f3mputo<\/span><\/strong><\/h3>\n<p><strong>Computadora<\/strong> para control de sistema de adquisici\u00f3n de datos para los XPS.<\/p>\n<h3><strong><span style=\"color: #1c3d6c;\">L\u00edneas de investigaci\u00f3n<\/span><\/strong><\/h3>\n<ul>\n<li>Caracterizaci\u00f3n fisicoqu\u00edmica por XPS y AES.<\/li>\n<li>Crecimiento y caracterizaci\u00f3n de pel\u00edculas delgadas y nanopart\u00edculas depositadas por la t\u00e9cnica de ablaci\u00f3n l\u00e1ser.<\/li>\n<\/ul>\n<h5><span style=\"color: #1c3d6c;\"><strong>Formato de Solicitud de servicios para medici\u00f3n de XPS<\/strong><\/span><\/h5>\n<p>[\/vc_column_text]<div class=\" ubtn-ctn-left btn_solid\"><a class=\"ubtn-link ult-adjust-bottom-margin ubtn-left ubtn-custom btn_solid\" href=\"https:\/\/www.supersaas.com\/schedule\/LAB_PLD\/LAB_PLD\" target=\"_blank\" rel=\"noopener\" ><button type=\"button\" id=\"ubtn-4368\"  class=\"ubtn ult-adjust-bottom-margin ult-responsive ubtn-custom ubtn-no-hover-bg  none  ubtn-left   tooltip-69e74e0a81099\"  data-hover=\"#ffffff\" data-border-color=\"#c5911f\" data-bg=\"#c5911f\" data-hover-bg=\"#1c3d6c\" data-border-hover=\"#1c3d6c\" data-shadow-hover=\"\" data-shadow-click=\"none\" data-shadow=\"\" data-shd-shadow=\"\"  data-ultimate-target='#ubtn-4368'  data-responsive-json-new='{\"font-size\":\"\",\"line-height\":\"\"}'  style=\"font-weight:normal;width:266px;min-height:50px;padding:px px;border-radius:50px;border-width:0px;border-color:#c5911f;border-style:solid;background: #c5911f;color: #ffffff;\"><span class=\"ubtn-hover\" style=\"background-color:#1c3d6c\"><\/span><span class=\"ubtn-data ubtn-text \" >Reservar equipo<\/span><\/button><\/a><\/div>[\/vc_column][\/vc_row]<\/p>\n<\/div>","protected":false},"excerpt":{"rendered":"<p>[vc_row el_id=&#8221;floatmenu&#8221;][vc_column][vc_wp_custommenu nav_menu=&#8221;17&#8243; title=&#8221;LABORATORIOS&#8221;][vc_raw_html]JTNDYnV0dG9uJTIwb25jbGljayUzRCUyMm15RnVuY3Rpb24lMjglMjklMjIlMjBjbGFzcyUzRCUyMnRvZ2dsZWJ0biUyMiUzRSUzQ2klMjBjbGFzcyUzRCUyMmZhLXNvbGlkJTIwZmEtY2hldnJvbi1sZWZ0JTIyJTNFJTNDJTJGaSUzRSUzQyUyRmJ1dHRvbiUzRSUwQSUzQ3NjcmlwdCUzRSUwQWZ1bmN0aW9uJTIwbXlGdW5jdGlvbiUyOCUyOSUyMCU3QiUwQSUyMCUyMHZhciUyMGVsZW1lbnQlMjAlM0QlMjBkb2N1bWVudC5nZXRFbGVtZW50QnlJZCUyOCUyMmZsb2F0bWVudSUyMiUyOSUzQiUwQSUyMCUyMGVsZW1lbnQuY2xhc3NMaXN0LnRvZ2dsZSUyOCUyMmNsb3NlZCUyMiUyOSUzQiUwQSU3RCUwQSUzQyUyRnNjcmlwdCUzRQ==[\/vc_raw_html][\/vc_column][\/vc_row][vc_row full_width=&#8221;stretch_row&#8221; bg_type=&#8221;image&#8221; parallax_style=&#8221;vcpb-default&#8221; bg_image_new=&#8221;id^409|url^https:\/\/www.cnyn.unam.mx\/wp-content\/uploads\/2023\/01\/bgtop_laboratorio.jpg|caption^null|alt^null|title^bgtop_laboratorio|description^null&#8221; bg_image_repeat=&#8221;no-repeat&#8221; bg_image_posiiton=&#8221;center center&#8221; el_id=&#8221;topseccion_laboratorio&#8221;][vc_column][vc_column_text el_id=&#8221;titulo_laboratorio&#8221;] Ablaci\u00f3n L\u00e1ser LABORATORIOS [\/vc_column_text][vc_column_text el_id=&#8221;cargo_laboratorio&#8221;] A cargo de Laboratorio Dr. Wencel de la Cruz (646) 175 0650 Ext. 403 [\/vc_column_text][\/vc_column][\/vc_row][vc_row full_width=&#8221;stretch_row&#8221; css=&#8221;.vc_custom_1673656525175{background-color: #f3f3f3 !important;}&#8221; el_id=&#8221;integrantes_laboratorio&#8221;][vc_column width=&#8221;1\/3&#8243;][vc_column_text] Investigadores:&#8230;<\/p>\n","protected":false},"author":1,"featured_media":0,"parent":0,"menu_order":0,"comment_status":"closed","ping_status":"closed","template":"","meta":{"inline_featured_image":false,"footnotes":""},"_links":{"self":[{"href":"https:\/\/www.cnyn.unam.mx\/index.php?rest_route=\/wp\/v2\/pages\/48"}],"collection":[{"href":"https:\/\/www.cnyn.unam.mx\/index.php?rest_route=\/wp\/v2\/pages"}],"about":[{"href":"https:\/\/www.cnyn.unam.mx\/index.php?rest_route=\/wp\/v2\/types\/page"}],"author":[{"embeddable":true,"href":"https:\/\/www.cnyn.unam.mx\/index.php?rest_route=\/wp\/v2\/users\/1"}],"replies":[{"embeddable":true,"href":"https:\/\/www.cnyn.unam.mx\/index.php?rest_route=%2Fwp%2Fv2%2Fcomments&post=48"}],"version-history":[{"count":7,"href":"https:\/\/www.cnyn.unam.mx\/index.php?rest_route=\/wp\/v2\/pages\/48\/revisions"}],"predecessor-version":[{"id":2338,"href":"https:\/\/www.cnyn.unam.mx\/index.php?rest_route=\/wp\/v2\/pages\/48\/revisions\/2338"}],"wp:attachment":[{"href":"https:\/\/www.cnyn.unam.mx\/index.php?rest_route=%2Fwp%2Fv2%2Fmedia&parent=48"}],"curies":[{"name":"wp","href":"https:\/\/api.w.org\/{rel}","templated":true}]}}