{"id":54,"date":"2023-01-12T01:41:10","date_gmt":"2023-01-12T01:41:10","guid":{"rendered":"https:\/\/www.cnyn.unam.mx\/?page_id=54"},"modified":"2023-01-14T00:41:54","modified_gmt":"2023-01-14T00:41:54","slug":"laboratorio-estructura-de-superficies","status":"publish","type":"page","link":"https:\/\/www.cnyn.unam.mx\/?page_id=54","title":{"rendered":"Laboratorio Estructura de Superficies"},"content":{"rendered":"<div class=\"wpb-content-wrapper\"><p>[vc_row el_id=&#8221;floatmenu&#8221;][vc_column][vc_wp_custommenu nav_menu=&#8221;17&#8243; title=&#8221;LABORATORIOS&#8221;][vc_raw_html]JTNDYnV0dG9uJTIwb25jbGljayUzRCUyMm15RnVuY3Rpb24lMjglMjklMjIlMjBjbGFzcyUzRCUyMnRvZ2dsZWJ0biUyMiUzRSUzQ2klMjBjbGFzcyUzRCUyMmZhLXNvbGlkJTIwZmEtY2hldnJvbi1sZWZ0JTIyJTNFJTNDJTJGaSUzRSUzQyUyRmJ1dHRvbiUzRSUwQSUzQ3NjcmlwdCUzRSUwQWZ1bmN0aW9uJTIwbXlGdW5jdGlvbiUyOCUyOSUyMCU3QiUwQSUyMCUyMHZhciUyMGVsZW1lbnQlMjAlM0QlMjBkb2N1bWVudC5nZXRFbGVtZW50QnlJZCUyOCUyMmZsb2F0bWVudSUyMiUyOSUzQiUwQSUyMCUyMGVsZW1lbnQuY2xhc3NMaXN0LnRvZ2dsZSUyOCUyMmNsb3NlZCUyMiUyOSUzQiUwQSU3RCUwQSUzQyUyRnNjcmlwdCUzRQ==[\/vc_raw_html][\/vc_column][\/vc_row][vc_row full_width=&#8221;stretch_row&#8221; bg_type=&#8221;image&#8221; parallax_style=&#8221;vcpb-default&#8221; bg_image_new=&#8221;id^409|url^https:\/\/www.cnyn.unam.mx\/wp-content\/uploads\/2023\/01\/bgtop_laboratorio.jpg|caption^null|alt^null|title^bgtop_laboratorio|description^null&#8221; bg_image_repeat=&#8221;no-repeat&#8221; bg_image_posiiton=&#8221;center center&#8221; el_id=&#8221;topseccion_laboratorio&#8221;][vc_column][vc_column_text el_id=&#8221;titulo_laboratorio&#8221;]<\/p>\n<h1 style=\"text-align: center;\"><strong><span style=\"color: #ffffff;\">Estructura de Superficies<\/span><\/strong><\/h1>\n<h5 style=\"text-align: center;\"><span style=\"color: #ffffff;\">LABORATORIOS<\/span><\/h5>\n<p>[\/vc_column_text][vc_column_text el_id=&#8221;cargo_laboratorio&#8221;]<\/p>\n<h5 style=\"text-align: center;\"><span style=\"color: #ffffff;\">A cargo de Laboratorio <\/span><br \/>\n<span style=\"color: #c5911f;\">Dr. Jos\u00e9 Valenzuela Benavides<\/span><\/h5>\n<p style=\"text-align: center;\"><span style=\"color: #ffffff;\">(646) 175 0650 Ext. 403<\/span><\/p>\n<p>[\/vc_column_text][\/vc_column][\/vc_row][vc_row full_width=&#8221;stretch_row&#8221; css=&#8221;.vc_custom_1673656525175{background-color: #f3f3f3 !important;}&#8221; el_id=&#8221;integrantes_laboratorio&#8221;][vc_column width=&#8221;1\/3&#8243;][vc_column_text]<\/p>\n<h5><strong><span style=\"color: #1c3d6c;\">Investigadores:<\/span><\/strong><\/h5>\n<ul>\n<li>Dr. Jos\u00e9 Valenzuela Benavides<\/li>\n<li>Dr. Manuel Herrera Zald\u00edvar<\/li>\n<\/ul>\n<p>[\/vc_column_text][\/vc_column][vc_column width=&#8221;1\/3&#8243;][vc_column_text]<\/p>\n<h5><strong><span style=\"color: #1c3d6c;\">Estudiantes:<\/span><\/strong><\/h5>\n<ul>\n<li>M.C. Tizoc F. Huerta Garc\u00eda (doctorado, PCeIM )<\/li>\n<li>Pedro Segura (maestr\u00eda, PCeIM)<\/li>\n<li>Francisco Mayboca (maestr\u00eda, FM-CICESE)<\/li>\n<li>M.C. Gabriela Guzm\u00e1n (doctorado, FM-CICESE)<\/li>\n<li>Aldo Guerrero (maestr\u00eda, PCeIM)<\/li>\n<\/ul>\n<p>[\/vc_column_text][\/vc_column][vc_column width=&#8221;1\/3&#8243;][\/vc_column][\/vc_row][vc_row el_id=&#8221;sobre_laboratorio&#8221;][vc_column][vc_column_text]<\/p>\n<h3>Equipamiento:<\/h3>\n<ul>\n<li>C\u00e1mara de ultra alto vac\u00edo, equipada con un microscopio de efecto T\u00fanel (STM),<\/li>\n<li>Analizador de gases residuales (RGA), difracci\u00f3n de electrones (LEED).<\/li>\n<li>Microscopio STM-Electroqu\u00edmico.<\/li>\n<li>Hornos tubulares para crecimiento de nanoestructuras por PVD.<\/li>\n<li>Potenciostato BAS-100.<\/li>\n<li>Campana de extracci\u00f3n<\/li>\n<\/ul>\n<h3><strong><span style=\"color: #1c3d6c;\">L\u00edneas de investigaci\u00f3n<\/span><\/strong><\/h3>\n<ul>\n<li>Estudios de estructura y fen\u00f3menos de superficie: adsorci\u00f3n de mol\u00e9culas org\u00e1nicas en superficies semiconductoras y met\u00e1licas. Autoensamble.<\/li>\n<li>Crecimiento de nanoestructuras con propiedades luminiscentes por t\u00e9cnicas de PVD (ZnO, GaN) y m\u00e9todos h\u00famedos.<\/li>\n<li>Desarrollo de micro-manipuladores mec\u00e1nicos.<\/li>\n<li>Instrumentaci\u00f3n.<\/li>\n<\/ul>\n<p><strong><em>El Laboratorio de Estructura de Superficies L-9<\/em> <\/strong>se encuentra frente a la biblioteca del CNyN.<\/p>\n<p>Una de las principales t\u00e9cnicas de caracterizaci\u00f3n de superficies en este laboratorio es la Microscop\u00eda de Barrido por Efecto T\u00fanel (STM). El primer instrumento que se adquiri\u00f3 fue el NanoScope I en 1989, de Digital Instruments, el primer microscopio de su tipo en M\u00e9xico, que operaba en condiciones ambientales. Para este instrumento se desarroll\u00f3 un sistema para la digitalizaci\u00f3n y procesamiento de las im\u00e1genes. Desde entonces se han adquirido varios controladores (NanoScope E) que se han adaptado a un microscopio de ultra alto vac\u00edo (STM-UHV), y microscopio electroqu\u00edmico (ECSTM), ambos constru\u00eddos en nuestras instalaciones.<\/p>\n<p>Con este instrumento se empezaron los primeros estudios sobre la adsorci\u00f3n de hal\u00f3genos sobre superficies met\u00e1licas, adsorci\u00f3n de mol\u00e9culas org\u00e1nicas sobre superifices semiconductoras, as\u00ed como estudios sobre electrodep\u00f3sitos met\u00e1licos.<\/p>\n<p>El laboratorio cuenta con una c\u00e1mara de Ultra Alto Vac\u00edo (3\u00d710-10Torr) equipada con el STM-UHV, analizador de masas residuales (RGA), analizador de difracci\u00f3n de electrones de baja energ\u00eda (LEED), con la capacidad para hacer Espectroscop\u00eda Auger (AES).<\/p>\n<p>Tambi\u00e9n es de nuestro inter\u00e9s, crecer y caracterizar materiales con propiedades luminiscentes. Para este prop\u00f3sito, constru\u00edmos dos hornos tubulares para el crecimiento de estos materiales por el m\u00e9todo de PVD (Physical Vapor Deposition). En estos sistemas hemos estudiado materiales como Ga2O3, GaN, ZnO, dopados con diferentes elementos para modificar sus propiedades electr\u00f3nicas. Para caracterizar la emisi\u00f3n de estos materiales, implementamos la t\u00e9cnica de c\u00e1todoluminiscencia (CL) en nuestro microscopio electr\u00f3nico de barrido (SEM) modelo JEOL 5400, que tambi\u00e9n permite bajar la temperatura de la muestra hasta 100K.[\/vc_column_text][\/vc_column][\/vc_row]<\/p>\n<\/div>","protected":false},"excerpt":{"rendered":"<p>[vc_row el_id=&#8221;floatmenu&#8221;][vc_column][vc_wp_custommenu nav_menu=&#8221;17&#8243; title=&#8221;LABORATORIOS&#8221;][vc_raw_html]JTNDYnV0dG9uJTIwb25jbGljayUzRCUyMm15RnVuY3Rpb24lMjglMjklMjIlMjBjbGFzcyUzRCUyMnRvZ2dsZWJ0biUyMiUzRSUzQ2klMjBjbGFzcyUzRCUyMmZhLXNvbGlkJTIwZmEtY2hldnJvbi1sZWZ0JTIyJTNFJTNDJTJGaSUzRSUzQyUyRmJ1dHRvbiUzRSUwQSUzQ3NjcmlwdCUzRSUwQWZ1bmN0aW9uJTIwbXlGdW5jdGlvbiUyOCUyOSUyMCU3QiUwQSUyMCUyMHZhciUyMGVsZW1lbnQlMjAlM0QlMjBkb2N1bWVudC5nZXRFbGVtZW50QnlJZCUyOCUyMmZsb2F0bWVudSUyMiUyOSUzQiUwQSUyMCUyMGVsZW1lbnQuY2xhc3NMaXN0LnRvZ2dsZSUyOCUyMmNsb3NlZCUyMiUyOSUzQiUwQSU3RCUwQSUzQyUyRnNjcmlwdCUzRQ==[\/vc_raw_html][\/vc_column][\/vc_row][vc_row full_width=&#8221;stretch_row&#8221; bg_type=&#8221;image&#8221; parallax_style=&#8221;vcpb-default&#8221; bg_image_new=&#8221;id^409|url^https:\/\/www.cnyn.unam.mx\/wp-content\/uploads\/2023\/01\/bgtop_laboratorio.jpg|caption^null|alt^null|title^bgtop_laboratorio|description^null&#8221; bg_image_repeat=&#8221;no-repeat&#8221; bg_image_posiiton=&#8221;center center&#8221; el_id=&#8221;topseccion_laboratorio&#8221;][vc_column][vc_column_text el_id=&#8221;titulo_laboratorio&#8221;] Estructura de Superficies LABORATORIOS [\/vc_column_text][vc_column_text el_id=&#8221;cargo_laboratorio&#8221;] A cargo de Laboratorio Dr. Jos\u00e9 Valenzuela Benavides (646) 175 0650 Ext. 403 [\/vc_column_text][\/vc_column][\/vc_row][vc_row full_width=&#8221;stretch_row&#8221; css=&#8221;.vc_custom_1673656525175{background-color: #f3f3f3 !important;}&#8221; el_id=&#8221;integrantes_laboratorio&#8221;][vc_column width=&#8221;1\/3&#8243;][vc_column_text] Investigadores:&#8230;<\/p>\n","protected":false},"author":1,"featured_media":0,"parent":0,"menu_order":0,"comment_status":"closed","ping_status":"closed","template":"","meta":{"inline_featured_image":false,"footnotes":""},"_links":{"self":[{"href":"https:\/\/www.cnyn.unam.mx\/index.php?rest_route=\/wp\/v2\/pages\/54"}],"collection":[{"href":"https:\/\/www.cnyn.unam.mx\/index.php?rest_route=\/wp\/v2\/pages"}],"about":[{"href":"https:\/\/www.cnyn.unam.mx\/index.php?rest_route=\/wp\/v2\/types\/page"}],"author":[{"embeddable":true,"href":"https:\/\/www.cnyn.unam.mx\/index.php?rest_route=\/wp\/v2\/users\/1"}],"replies":[{"embeddable":true,"href":"https:\/\/www.cnyn.unam.mx\/index.php?rest_route=%2Fwp%2Fv2%2Fcomments&post=54"}],"version-history":[{"count":3,"href":"https:\/\/www.cnyn.unam.mx\/index.php?rest_route=\/wp\/v2\/pages\/54\/revisions"}],"predecessor-version":[{"id":417,"href":"https:\/\/www.cnyn.unam.mx\/index.php?rest_route=\/wp\/v2\/pages\/54\/revisions\/417"}],"wp:attachment":[{"href":"https:\/\/www.cnyn.unam.mx\/index.php?rest_route=%2Fwp%2Fv2%2Fmedia&parent=54"}],"curies":[{"name":"wp","href":"https:\/\/api.w.org\/{rel}","templated":true}]}}