{"id":56,"date":"2023-01-12T01:41:18","date_gmt":"2023-01-12T01:41:18","guid":{"rendered":"https:\/\/www.cnyn.unam.mx\/?page_id=56"},"modified":"2025-05-05T20:04:32","modified_gmt":"2025-05-05T20:04:32","slug":"laboratorio-luminiscencia","status":"publish","type":"page","link":"https:\/\/www.cnyn.unam.mx\/?page_id=56","title":{"rendered":"Laboratorio Luminiscencia"},"content":{"rendered":"<div class=\"wpb-content-wrapper\"><p>[vc_row el_id=&#8221;floatmenu&#8221;][vc_column][vc_wp_custommenu nav_menu=&#8221;17&#8243; title=&#8221;LABORATORIOS&#8221;][vc_raw_html]JTNDYnV0dG9uJTIwb25jbGljayUzRCUyMm15RnVuY3Rpb24lMjglMjklMjIlMjBjbGFzcyUzRCUyMnRvZ2dsZWJ0biUyMiUzRSUzQ2klMjBjbGFzcyUzRCUyMmZhLXNvbGlkJTIwZmEtY2hldnJvbi1sZWZ0JTIyJTNFJTNDJTJGaSUzRSUzQyUyRmJ1dHRvbiUzRSUwQSUzQ3NjcmlwdCUzRSUwQWZ1bmN0aW9uJTIwbXlGdW5jdGlvbiUyOCUyOSUyMCU3QiUwQSUyMCUyMHZhciUyMGVsZW1lbnQlMjAlM0QlMjBkb2N1bWVudC5nZXRFbGVtZW50QnlJZCUyOCUyMmZsb2F0bWVudSUyMiUyOSUzQiUwQSUyMCUyMGVsZW1lbnQuY2xhc3NMaXN0LnRvZ2dsZSUyOCUyMmNsb3NlZCUyMiUyOSUzQiUwQSU3RCUwQSUzQyUyRnNjcmlwdCUzRQ==[\/vc_raw_html][\/vc_column][\/vc_row][vc_row full_width=&#8221;stretch_row&#8221; bg_type=&#8221;image&#8221; parallax_style=&#8221;vcpb-default&#8221; bg_image_new=&#8221;id^409|url^https:\/\/www.cnyn.unam.mx\/wp-content\/uploads\/2023\/01\/bgtop_laboratorio.jpg|caption^null|alt^null|title^bgtop_laboratorio|description^null&#8221; bg_image_repeat=&#8221;no-repeat&#8221; bg_image_posiiton=&#8221;center center&#8221; el_id=&#8221;topseccion_laboratorio&#8221;][vc_column][vc_column_text el_id=&#8221;titulo_laboratorio&#8221;]<\/p>\n<h1 style=\"text-align: center;\"><strong><span style=\"color: #ffffff;\">Laboratorio de Luminiscencia<\/span><\/strong><\/h1>\n<h5 style=\"text-align: center;\"><span style=\"color: #ffffff;\">LABORATORIOS<\/span><\/h5>\n<p>[\/vc_column_text][vc_column_text el_id=&#8221;cargo_laboratorio&#8221;]<\/p>\n<h5 style=\"text-align: center;\"><span style=\"color: #ffffff;\">A cargo de Laboratorio <\/span><br \/>\n<span style=\"color: #c5911f;\">Dr. Gustavo Hirata Flores<\/span><\/h5>\n<p style=\"text-align: center;\"><span style=\"color: #ffffff;\">(646) 175 0650 Ext. 403<\/span><\/p>\n<p>[\/vc_column_text][\/vc_column][\/vc_row][vc_row full_width=&#8221;stretch_row&#8221; css=&#8221;.vc_custom_1673656525175{background-color: #f3f3f3 !important;}&#8221; el_id=&#8221;integrantes_laboratorio&#8221;][vc_column width=&#8221;1\/3&#8243;][vc_column_text]<\/p>\n<h5><strong><span style=\"color: #1c3d6c;\">Investigadores:<\/span><\/strong><\/h5>\n<ul>\n<li>Dr. Oscar Contreras<\/li>\n<li>Dr. Felipe Castill\u00f3n<\/li>\n<li>Dr. Oscar Raymond.<\/li>\n<\/ul>\n<p>[\/vc_column_text][\/vc_column][vc_column width=&#8221;1\/3&#8243;][vc_column_text]<\/p>\n<h5><strong><span style=\"color: #1c3d6c;\">Estudiantes:<\/span><\/strong><\/h5>\n<ul>\n<li>Carlos E. Rodr\u00edguez<\/li>\n<li>Mariana J. Oviedo<\/li>\n<li>David Cervantes<\/li>\n<li>Sandra R. Pay\u00e1n<\/li>\n<li>Mayan\u00edn Aburto<\/li>\n<li>Alejandro Fajardo<\/li>\n<li>Diana M. Arciniega<\/li>\n<li>Amanda G. Nieto<\/li>\n<li>Alessandra Delgadillo<\/li>\n<li>Manuel Romero<\/li>\n<li>Sergio Castro A.<\/li>\n<\/ul>\n<p>[\/vc_column_text][\/vc_column][vc_column width=&#8221;1\/3&#8243;][\/vc_column][\/vc_row][vc_row el_id=&#8221;sobre_laboratorio&#8221;][vc_column][vc_column_text]<\/p>\n<h3><span style=\"color: #1c3d6c;\">Actividades primordiales del laboratorio:<\/span><\/h3>\n<p>Desarrollo de nuevos materials luminiscentes Investigaci\u00f3n en biomateriales<br \/>\nEquipo mayor con que se cuenta:<\/p>\n<ul>\n<li>Sistemas de Dep\u00f3sito de Pel\u00edculas Delgadas incluyendo Resonancia Electr\u00f3nica por Ciclotr\u00f3n, Ablaci\u00f3n Laser, Erosi\u00f3n I\u00f3nica AC y DC, Vapor qu\u00edmico metalorg\u00e1nico.<\/li>\n<li>Sintesis por Combusti\u00f3n a presi\u00f3n atmosf\u00e9rica<\/li>\n<li>S\u00edntesis por Combusti\u00f3n de Alta Presi\u00f3n<\/li>\n<li>Sistema de medici\u00f3n de Catodoluminiscencia (Temp. Nitr\u00f3geno l\u00edquido)<\/li>\n<li>Espectrofluor\u00f3metro Hitachi F-4500 (Espectros de Emisi\u00f3n y Excitaci\u00f3n de fotoluminiscenica en polvos y pel\u00edculas delgadas).<\/li>\n<\/ul>\n<h3><strong><span style=\"color: #1c3d6c;\">L\u00edneas de investigaci\u00f3n<\/span><\/strong><\/h3>\n<ul>\n<li>Desarrollo de nuevos materiales luminiscentes para l\u00e1mparas de estado s\u00f3lido<\/li>\n<li>Investigaci\u00f3n de biomateriales utilizados en nanomedicina y biotecnolog\u00eda (bioetiquetadores, centelladores, etc.)<\/li>\n<li>Pel\u00edculas delgadas luminiscentes para pantallas planas de TV<\/li>\n<li>Sintesis de materiales compositos bioinspirados<\/li>\n<\/ul>\n<p>[\/vc_column_text][\/vc_column][\/vc_row]<\/p>\n<\/div>","protected":false},"excerpt":{"rendered":"<p>[vc_row el_id=&#8221;floatmenu&#8221;][vc_column][vc_wp_custommenu nav_menu=&#8221;17&#8243; title=&#8221;LABORATORIOS&#8221;][vc_raw_html]JTNDYnV0dG9uJTIwb25jbGljayUzRCUyMm15RnVuY3Rpb24lMjglMjklMjIlMjBjbGFzcyUzRCUyMnRvZ2dsZWJ0biUyMiUzRSUzQ2klMjBjbGFzcyUzRCUyMmZhLXNvbGlkJTIwZmEtY2hldnJvbi1sZWZ0JTIyJTNFJTNDJTJGaSUzRSUzQyUyRmJ1dHRvbiUzRSUwQSUzQ3NjcmlwdCUzRSUwQWZ1bmN0aW9uJTIwbXlGdW5jdGlvbiUyOCUyOSUyMCU3QiUwQSUyMCUyMHZhciUyMGVsZW1lbnQlMjAlM0QlMjBkb2N1bWVudC5nZXRFbGVtZW50QnlJZCUyOCUyMmZsb2F0bWVudSUyMiUyOSUzQiUwQSUyMCUyMGVsZW1lbnQuY2xhc3NMaXN0LnRvZ2dsZSUyOCUyMmNsb3NlZCUyMiUyOSUzQiUwQSU3RCUwQSUzQyUyRnNjcmlwdCUzRQ==[\/vc_raw_html][\/vc_column][\/vc_row][vc_row full_width=&#8221;stretch_row&#8221; bg_type=&#8221;image&#8221; parallax_style=&#8221;vcpb-default&#8221; bg_image_new=&#8221;id^409|url^https:\/\/www.cnyn.unam.mx\/wp-content\/uploads\/2023\/01\/bgtop_laboratorio.jpg|caption^null|alt^null|title^bgtop_laboratorio|description^null&#8221; bg_image_repeat=&#8221;no-repeat&#8221; bg_image_posiiton=&#8221;center center&#8221; el_id=&#8221;topseccion_laboratorio&#8221;][vc_column][vc_column_text el_id=&#8221;titulo_laboratorio&#8221;] Laboratorio de Luminiscencia LABORATORIOS [\/vc_column_text][vc_column_text el_id=&#8221;cargo_laboratorio&#8221;] A cargo de Laboratorio Dr. Gustavo Hirata Flores (646) 175 0650 Ext. 403 [\/vc_column_text][\/vc_column][\/vc_row][vc_row full_width=&#8221;stretch_row&#8221; css=&#8221;.vc_custom_1673656525175{background-color: #f3f3f3 !important;}&#8221; el_id=&#8221;integrantes_laboratorio&#8221;][vc_column width=&#8221;1\/3&#8243;][vc_column_text] Investigadores:&#8230;<\/p>\n","protected":false},"author":1,"featured_media":0,"parent":0,"menu_order":0,"comment_status":"closed","ping_status":"closed","template":"","meta":{"inline_featured_image":false,"footnotes":""},"_links":{"self":[{"href":"https:\/\/www.cnyn.unam.mx\/index.php?rest_route=\/wp\/v2\/pages\/56"}],"collection":[{"href":"https:\/\/www.cnyn.unam.mx\/index.php?rest_route=\/wp\/v2\/pages"}],"about":[{"href":"https:\/\/www.cnyn.unam.mx\/index.php?rest_route=\/wp\/v2\/types\/page"}],"author":[{"embeddable":true,"href":"https:\/\/www.cnyn.unam.mx\/index.php?rest_route=\/wp\/v2\/users\/1"}],"replies":[{"embeddable":true,"href":"https:\/\/www.cnyn.unam.mx\/index.php?rest_route=%2Fwp%2Fv2%2Fcomments&post=56"}],"version-history":[{"count":4,"href":"https:\/\/www.cnyn.unam.mx\/index.php?rest_route=\/wp\/v2\/pages\/56\/revisions"}],"predecessor-version":[{"id":2335,"href":"https:\/\/www.cnyn.unam.mx\/index.php?rest_route=\/wp\/v2\/pages\/56\/revisions\/2335"}],"wp:attachment":[{"href":"https:\/\/www.cnyn.unam.mx\/index.php?rest_route=%2Fwp%2Fv2%2Fmedia&parent=56"}],"curies":[{"name":"wp","href":"https:\/\/api.w.org\/{rel}","templated":true}]}}