{"id":60,"date":"2023-01-12T01:41:31","date_gmt":"2023-01-12T01:41:31","guid":{"rendered":"https:\/\/www.cnyn.unam.mx\/?page_id=60"},"modified":"2025-02-14T19:56:59","modified_gmt":"2025-02-14T19:56:59","slug":"laboratorio-unidad-de-nanocaracterizacion","status":"publish","type":"page","link":"https:\/\/www.cnyn.unam.mx\/?page_id=60","title":{"rendered":"Unidad de  Nanocaracterizaci\u00f3n"},"content":{"rendered":"<div class=\"wpb-content-wrapper\"><p>[vc_row el_id=&#8221;floatmenu&#8221;][vc_column][vc_wp_custommenu nav_menu=&#8221;17&#8243; title=&#8221;LABORATORIOS&#8221;][vc_raw_html]JTNDYnV0dG9uJTIwb25jbGljayUzRCUyMm15RnVuY3Rpb24lMjglMjklMjIlMjBjbGFzcyUzRCUyMnRvZ2dsZWJ0biUyMiUzRSUzQ2klMjBjbGFzcyUzRCUyMmZhLXNvbGlkJTIwZmEtY2hldnJvbi1sZWZ0JTIyJTNFJTNDJTJGaSUzRSUzQyUyRmJ1dHRvbiUzRSUwQSUzQ3NjcmlwdCUzRSUwQWZ1bmN0aW9uJTIwbXlGdW5jdGlvbiUyOCUyOSUyMCU3QiUwQSUyMCUyMHZhciUyMGVsZW1lbnQlMjAlM0QlMjBkb2N1bWVudC5nZXRFbGVtZW50QnlJZCUyOCUyMmZsb2F0bWVudSUyMiUyOSUzQiUwQSUyMCUyMGVsZW1lbnQuY2xhc3NMaXN0LnRvZ2dsZSUyOCUyMmNsb3NlZCUyMiUyOSUzQiUwQSU3RCUwQSUzQyUyRnNjcmlwdCUzRQ==[\/vc_raw_html][\/vc_column][\/vc_row][vc_row full_width=&#8221;stretch_row&#8221; bg_type=&#8221;image&#8221; parallax_style=&#8221;vcpb-default&#8221; bg_image_new=&#8221;id^409|url^https:\/\/www.cnyn.unam.mx\/wp-content\/uploads\/2023\/01\/bgtop_laboratorio.jpg|caption^null|alt^null|title^bgtop_laboratorio|description^null&#8221; bg_image_repeat=&#8221;no-repeat&#8221; bg_image_posiiton=&#8221;center center&#8221; el_id=&#8221;topseccion_laboratorio&#8221;][vc_column][vc_column_text el_id=&#8221;titulo_laboratorio&#8221;]<\/p>\n<h1 style=\"text-align: center;\"><strong><span style=\"color: #ffffff;\">Unidad de Nanocaracterizaci\u00f3n<\/span><\/strong><\/h1>\n<h5 style=\"text-align: center;\"><span style=\"color: #ffffff;\">LABORATORIOS<\/span><\/h5>\n<p>[\/vc_column_text][vc_column_text el_id=&#8221;cargo_laboratorio&#8221;]<\/p>\n<h5 style=\"text-align: center;\"><span style=\"color: #ffffff;\">A cargo de Laboratorio <\/span><br \/>\n<span style=\"color: #c5911f;\">Dr. Hugo Tiznado V\u00e1zquez<\/span><\/h5>\n<p style=\"text-align: center;\"><span style=\"color: #ffffff;\">(646) 175 0650 Ext. 406<\/span><\/p>\n<p>[\/vc_column_text][\/vc_column][\/vc_row][vc_row full_width=&#8221;stretch_row&#8221; css=&#8221;.vc_custom_1673656525175{background-color: #f3f3f3 !important;}&#8221; el_id=&#8221;integrantes_laboratorio&#8221;][vc_column width=&#8221;1\/3&#8243;][vc_column_text]<\/p>\n<h5><strong><span style=\"color: #1c3d6c;\">T\u00e9cnico Acad\u00e9mico:<\/span><\/strong><\/h5>\n<ul>\n<li>M.C. Elo\u00edsa Aparicio Ceja<\/li>\n<li>Ing. Israel Gradilla<\/li>\n<li>M.C. Eduardo Murillo<\/li>\n<\/ul>\n<p>[\/vc_column_text][\/vc_column][vc_column width=&#8221;1\/3&#8243;][vc_column_text]<\/p>\n<h5><strong><span style=\"color: #1c3d6c;\">T\u00e9cnico Laboratorista:<\/span><\/strong><\/h5>\n<ul>\n<li>Jaime Mendoza<\/li>\n<\/ul>\n<p>[\/vc_column_text][\/vc_column][vc_column width=&#8221;1\/3&#8243;][vc_column_text]Ingresar a la Agenda de la UNAC <a href=\"https:\/\/unac.cnyn.unam.mx\/\" target=\"_blank\" rel=\"noopener\">https:\/\/unac.cnyn.unam.mx\/<\/a>[\/vc_column_text][\/vc_column][\/vc_row][vc_row el_id=&#8221;sobre_laboratorio&#8221;][vc_column][vc_column_text]La Unidad de NanoCaracterizaci\u00f3n est\u00e1 constituida por varios equipos cient\u00edficos especializados para la caracterizaci\u00f3n de materiales, que van desde difract\u00f3metros de rayos-x hasta microscopios de ultra-alta resoluci\u00f3n at\u00f3mica.<\/p>\n<p><strong>Microscopios Electr\u00f3nicos de Transmisi\u00f3n:<\/strong><\/p>\n<ol>\n<li><em>1 <\/em><span style=\"color: #000000;\"><strong>JEOL JEM-2010 (TEM)<\/strong> con filamento de LaB6 y adquisici\u00f3n de im\u00e1genes digitales. Consultar con el Tec. Francisco Ru\u00edz para mayor informaci\u00f3n y acceso al instrumento.<\/span><\/li>\n<li><em>2 <\/em><span style=\"color: #000000;\"><strong>JEOL JEM-2100F (STEM)<\/strong> con ca\u00f1\u00f3n de electrones tipo emisi\u00f3n de campo-Schottky, modo barrido, adquisici\u00f3n digital de im\u00e1genes, an\u00e1lisis qu\u00edmico por medio de espectroscopia de dispersi\u00f3n de energ\u00eda (EDS), mapas y espectroscop\u00eda de p\u00e9rdida de energ\u00eda de electrones (EELS). Consultar con Tec. Francisco Ru\u00edz para mayor informaci\u00f3n y acceso al instrumento.<\/span><\/li>\n<\/ol>\n<p>[\/vc_column_text][vc_column_text]<strong>Microscop\u00edas de superficie:<\/strong><\/p>\n<ol>\n<li><em>1 <\/em><span style=\"color: #000000;\"><strong>JEOL JSM-5300 (SEM)<\/strong> con detector para hacer an\u00e1lisis qu\u00edmico por medio de Dispersi\u00f3n de Energ\u00eda (EDS), adquisici\u00f3n digital de im\u00e1genes. Consultar con Tec. Israel Gradilla para mayor informaci\u00f3n y acceso al instrumento.<\/span><\/li>\n<li><em>2 <\/em><span style=\"color: #000000;\"><strong>JEOL JIB-4500 (SEM+FIB)<\/strong> sistema integral de microscopia electr\u00f3nica (SEM) y haz de iones enfocados (FIB), con sistemas de dep\u00f3sito de capas metalizas, nanomanipulador, espectroscop\u00eda de catodoluminiscencia y de dispersi\u00f3n de energ\u00eda (EDS). Consultar con Tec. Israel Gradilla para mayor informaci\u00f3n y acceso al instrumento.<\/span><\/li>\n<li><em>3 <\/em><span style=\"color: #000000;\"><strong>Microscopio de Fuerza At\u00f3mica (AFM),<\/strong> Park Systems modelo XE-BIO-AFM con capacidad de an\u00e1lisis de la topograf\u00eda de muestras biol\u00f3gicas. Consultar con Tec. Eduardo Murillo para mayor informaci\u00f3n y acceso al instrumento.<\/span><\/li>\n<li><em>4 <\/em><span style=\"color: #000000;\"><strong>Microscopio de Fuerza At\u00f3mica (AFM)<\/strong> Park System modelo XE-70. Con capacidad de an\u00e1lisis de la topograf\u00eda para una gran gama de superficies en el campo ciencia de materiales. Adicionalmente, este microscopio cuenta con el accesorio para realizar microscopia de piezo-fuerza (PFM). Consultar con Tec. Eduardo Murillo para mayor informaci\u00f3n y acceso al instrumento.<\/span><\/li>\n<\/ol>\n<p>[\/vc_column_text][vc_column_text]<strong>Difractometros de rayos-x:<\/strong><\/p>\n<ol>\n<li><em>1 <\/em><span style=\"color: #000000;\"><strong>Philips X\u2019pert MPD<\/strong>, para mediciones de difracci\u00f3n en polvos y haz rasante de pel\u00edculas delgadas, cuenta con un accesorio para hacer mediciones a temperatura variable, 90-600\u00b0K. Consultar con Tec. Eloisa Aparicio para mayor informaci\u00f3n y acceso al instrumento.<\/span><\/li>\n<li><em>2 <\/em><span style=\"color: #000000;\"><strong>Panalitycal X\u2019pert Pro MRD<\/strong>, con cuna tipo Euleriana para mediciones de difracci\u00f3n en pel\u00edculas delgadas. Consultar con Tec. Eloisa Aparicio para mayor informaci\u00f3n y acceso al instrumento.<\/span><\/li>\n<\/ol>\n<p>[\/vc_column_text][vc_column_text]<\/p>\n<h3><span style=\"color: #1c3d6c;\"><strong>Servicio de caracterizaci\u00f3n<\/strong><\/span><\/h3>\n<p><strong>Solicitud de servicio interno<\/strong><\/p>\n<p>Cada equipo cient\u00edfico cuenta con un t\u00e9cnico acad\u00e9mico (T.A.) responsable de su operaci\u00f3n y en primera instancia es a trav\u00e9s del T.A. que el servicio de medici\u00f3n o caracterizaci\u00f3n se realizar\u00e1. Los usuarios pueden solicitar el servicio de caracterizaci\u00f3n, mediante los formatos de solicitud de servicio interno asociados a cada equipo. Los formatos los pueden conseguir con el T.A. responsable de cada equipo.<\/p>\n<p><strong> Capacitaci\u00f3n para operaci\u00f3n de los equipos<\/strong><\/p>\n<p>Los usuarios que as\u00ed lo requieran podr\u00e1n recibir capacitaci\u00f3n para operaci\u00f3n de algunos equipos, siempre y cuando satisfagan y cumplan los requisitos y condiciones, as\u00ed como estar sujetos a las observaciones y condiciones que se listan a continuaci\u00f3n.[\/vc_column_text][vc_column_text]<strong>Requisitos:<\/strong><\/p>\n<ol>\n<li><em>1 <\/em>Solicitud por escrito del usuario acad\u00e9mico, del director de tesis del estudiante interesado o asesor del posdoctorado, argumentando la necesidad de capacitaci\u00f3n, el tema de investigaci\u00f3n, el tipo de materiales a caracterizar y el(los) equipo(s) cient\u00edfico(s) de inter\u00e9s. Dirigir la solicitud al Jefe de Nanoestructuras.<\/li>\n<li><em>2 <\/em>El usuario estudiante\/posdoctorado deber\u00e1 haber cursado alguna asignatura asociada a los equipos y mostrar la suficiencia de conocimientos te\u00f3ricos b\u00e1sicos.<\/li>\n<li><em>3 <\/em>En la misma carta de solicitud el usuario acad\u00e9mico, director de tesis o asesor del posdoctorado debe manifestar su compromiso para mantener la funcionalidad integral de cada equipo solicitado y estar de acuerdo en la contribuci\u00f3n econ\u00f3mica para cubrir los contratos de mantenimiento anual as\u00ed como los consumibles asociados al(os) equipo(s). Indicar el fondo econ\u00f3mico (PAPIIT, presupuesto UNAM u otros) del cual se deducir\u00e1 dicha contribuci\u00f3n. Los montos por sesi\u00f3n asociados a cada pueden ser consultados con el jefe de la Unidad de Nanocaracterizaci\u00f3n.<\/li>\n<li><em>4 <\/em>Demostrar conocimiento de los lineamientos de higiene y seguridad de cada laboratorio asociado a los equipos cient\u00edficos.<\/li>\n<\/ol>\n<p>[\/vc_column_text][vc_column_text]<strong>Condiciones:<\/strong><\/p>\n<ol>\n<li><em>1 <\/em>Cada sesi\u00f3n de capacitaci\u00f3n, se solicitar\u00e1 usando el m\u00e9todo tradicional de solicitud de servicio de caracterizaci\u00f3n.<\/li>\n<li><em>2 <\/em>La capacitaci\u00f3n se realizar\u00e1 durante la sesi\u00f3n de an\u00e1lisis de sus propias muestras.<\/li>\n<li><em>3 <\/em>El t\u00e9cnico acad\u00e9mico responsable de cada equipo cient\u00edfico indicar\u00e1 el momento en que un usuario est\u00e1 calificado con el conocimiento t\u00e9cnico suficiente para usar el equipo en cuesti\u00f3n.<\/li>\n<li><em>4 <\/em>El nivel de capacitaci\u00f3n se incrementar\u00e1 en base al grado de aptitud y desempe\u00f1o de cada usuario.<\/li>\n<\/ol>\n<p>[\/vc_column_text][vc_column_text]<strong>Observaciones y advertencias:<\/strong><\/p>\n<ol>\n<li><em>1 <\/em>El t\u00e9cnico acad\u00e9mico responsable de cada equipo cient\u00edfico es el \u00fanico usuario autorizado para capacitar nuevos usuarios.<\/li>\n<li><em>2<\/em> Los usuarios calificados para usar cada equipo cient\u00edfico seguir\u00e1n sujetos a proporcionar al t\u00e9cnico responsable la tradicional solicitud de servicio autorizada.<\/li>\n<li><em>3 <\/em>Bajo ninguna circunstancia un equipo cient\u00edfico podr\u00e1 ser modificado\/alterado f\u00edsicamente sin previa autorizaci\u00f3n del t\u00e9cnico acad\u00e9mico responsable y Jefe de Nanoestructuras.<\/li>\n<li><em>4 <\/em>Al usuario capacitado que se identifique incurriendo en malas pr\u00e1cticas ser\u00e1 revocada su calidad de \u201cusuario capacitado\u201d. Se limitar\u00e1 su acceso a los equipos siguiendo el m\u00e9todo tradicional de solicitud interna de servicio de caracterizaci\u00f3n.<\/li>\n<\/ol>\n<p>[\/vc_column_text][vc_column_text]<\/p>\n<h3><span style=\"color: #1c3d6c;\"><strong>Solicitudes de servicios para los acad\u00e9micos del CNyN<\/strong><\/span><\/h3>\n<p><strong>Observaciones generales:<\/strong><\/p>\n<p>I.- LA SOLICITUD DE SERVICIO DEBE SER ENTREGADA POR EL USUARIO PERSONALMENTE AL T\u00c9CNICO RESPONSABLE DEL EQUIPO. S\u00d3LO SE RECIBIR\u00c1 UNA SOLICITUD POR USUARIO. UNA SEGUNDA SOLICITUD DEL MISMO USUARIO SER\u00c1 RECIBIDA CUANDO SE FINALICEN LOS AN\u00c1LISIS DE LA PRIMERA SOLICITUD.<\/p>\n<p>II.- LA INTERPRETACI\u00d3N DE LOS RESULTADOS DE LA MEDICI\u00d3N ES RESPONSABILIDAD DEL USUARIO SOLICITANTE DEL SERVICIO.<\/p>\n<p>III. LA PREPARACI\u00d3N DE LA MUESTRA ES RESPONSABILIDAD DEL USUARIO. CONSULTAR CON EL T\u00c9CNICO RESPONSABLE SOBRE LOS CONSUMIBLES NECESARIOS PARA LA PREPARACI\u00d3N. PARA LAS MEDICIONES DE TEM ES NECESARIO DE QUE EL USUARIO PROPORCIONE EL NITR\u00d3GENO L\u00cdQUIDO CORRESPONDIENTE (CONSULTAR CON EL T\u00c9CNICO ENCARGADO).<\/p>\n<p>IV. LOS ARCHIVOS ELECTR\u00d3NICOS GENERADOS DE LOS AN\u00c1LISIS, SE MANTENDR\u00c1N POR EL PERIODO DE UN MES. POSTERIORMENTE SER\u00c1N BORRADOS. ES RECOMENDABLE QUE LOS USUARIOS SE LLEVEN SUS ARCHIVOS ELECTR\u00d3NICOS AL FINALIZAR EL AN\u00c1LISIS DE SUS MUESTRAS.<\/p>\n<p>V. ES RESPONSABILIDAD DE LOS USUARIOS INFORMAR AL T\u00c9CNICO SOBRE LAS MEDIDAS DE SEGURIDAD Y MANEJO QUE DEBE TENER CON RELACI\u00d3N A SUS MUESTRAS.<\/p>\n<p>VI. LOS USUARIOS NO PUEDEN HACER MODIFICACIONES A LOS FORMATOS DE SOLICITUDES DE SERVICIOS (VER LISTADO DE ABAJO).[\/vc_column_text][\/vc_column][\/vc_row][vc_row full_width=&#8221;stretch_row&#8221; css=&#8221;.vc_custom_1673657597798{background-color: #f3f3f3 !important;}&#8221; el_id=&#8221;formatos_solicitudes&#8221;][vc_column][vc_column_text]<strong>Formatos de solicitudes de servicios:<\/strong>[\/vc_column_text][vc_raw_html el_id=&#8221;tabla_solicitudes_formato&#8221;]JTVCdGFibGUlMjBpZCUzRDclMjAlMkYlNUQ=[\/vc_raw_html][\/vc_column][\/vc_row][vc_row full_width=&#8221;stretch_row&#8221; el_id=&#8221;saldousuario&#8221;][vc_column][vc_column_text]Saldo del usuario en la Unidad al 04 de julio de 2014 <a href=\"#\">(click aqu\u00ed)<\/a><\/p>\n<p>Algo de estad\u00edstica del 04 de enero al 04 de julio de 2014 <a href=\"#\">(click aqu\u00ed)<\/a>[\/vc_column_text][\/vc_column][\/vc_row]<\/p>\n<\/div>","protected":false},"excerpt":{"rendered":"<p>[vc_row el_id=&#8221;floatmenu&#8221;][vc_column][vc_wp_custommenu nav_menu=&#8221;17&#8243; title=&#8221;LABORATORIOS&#8221;][vc_raw_html]JTNDYnV0dG9uJTIwb25jbGljayUzRCUyMm15RnVuY3Rpb24lMjglMjklMjIlMjBjbGFzcyUzRCUyMnRvZ2dsZWJ0biUyMiUzRSUzQ2klMjBjbGFzcyUzRCUyMmZhLXNvbGlkJTIwZmEtY2hldnJvbi1sZWZ0JTIyJTNFJTNDJTJGaSUzRSUzQyUyRmJ1dHRvbiUzRSUwQSUzQ3NjcmlwdCUzRSUwQWZ1bmN0aW9uJTIwbXlGdW5jdGlvbiUyOCUyOSUyMCU3QiUwQSUyMCUyMHZhciUyMGVsZW1lbnQlMjAlM0QlMjBkb2N1bWVudC5nZXRFbGVtZW50QnlJZCUyOCUyMmZsb2F0bWVudSUyMiUyOSUzQiUwQSUyMCUyMGVsZW1lbnQuY2xhc3NMaXN0LnRvZ2dsZSUyOCUyMmNsb3NlZCUyMiUyOSUzQiUwQSU3RCUwQSUzQyUyRnNjcmlwdCUzRQ==[\/vc_raw_html][\/vc_column][\/vc_row][vc_row full_width=&#8221;stretch_row&#8221; bg_type=&#8221;image&#8221; parallax_style=&#8221;vcpb-default&#8221; bg_image_new=&#8221;id^409|url^https:\/\/www.cnyn.unam.mx\/wp-content\/uploads\/2023\/01\/bgtop_laboratorio.jpg|caption^null|alt^null|title^bgtop_laboratorio|description^null&#8221; bg_image_repeat=&#8221;no-repeat&#8221; bg_image_posiiton=&#8221;center center&#8221; el_id=&#8221;topseccion_laboratorio&#8221;][vc_column][vc_column_text el_id=&#8221;titulo_laboratorio&#8221;] Unidad de Nanocaracterizaci\u00f3n LABORATORIOS [\/vc_column_text][vc_column_text el_id=&#8221;cargo_laboratorio&#8221;] A cargo de Laboratorio Dr. Hugo Tiznado V\u00e1zquez (646) 175 0650 Ext. 406 [\/vc_column_text][\/vc_column][\/vc_row][vc_row full_width=&#8221;stretch_row&#8221; css=&#8221;.vc_custom_1673656525175{background-color: #f3f3f3 !important;}&#8221; el_id=&#8221;integrantes_laboratorio&#8221;][vc_column width=&#8221;1\/3&#8243;][vc_column_text] T\u00e9cnico&#8230;<\/p>\n","protected":false},"author":1,"featured_media":0,"parent":0,"menu_order":0,"comment_status":"closed","ping_status":"closed","template":"","meta":{"inline_featured_image":false,"footnotes":""},"_links":{"self":[{"href":"https:\/\/www.cnyn.unam.mx\/index.php?rest_route=\/wp\/v2\/pages\/60"}],"collection":[{"href":"https:\/\/www.cnyn.unam.mx\/index.php?rest_route=\/wp\/v2\/pages"}],"about":[{"href":"https:\/\/www.cnyn.unam.mx\/index.php?rest_route=\/wp\/v2\/types\/page"}],"author":[{"embeddable":true,"href":"https:\/\/www.cnyn.unam.mx\/index.php?rest_route=\/wp\/v2\/users\/1"}],"replies":[{"embeddable":true,"href":"https:\/\/www.cnyn.unam.mx\/index.php?rest_route=%2Fwp%2Fv2%2Fcomments&post=60"}],"version-history":[{"count":6,"href":"https:\/\/www.cnyn.unam.mx\/index.php?rest_route=\/wp\/v2\/pages\/60\/revisions"}],"predecessor-version":[{"id":2197,"href":"https:\/\/www.cnyn.unam.mx\/index.php?rest_route=\/wp\/v2\/pages\/60\/revisions\/2197"}],"wp:attachment":[{"href":"https:\/\/www.cnyn.unam.mx\/index.php?rest_route=%2Fwp%2Fv2%2Fmedia&parent=60"}],"curies":[{"name":"wp","href":"https:\/\/api.w.org\/{rel}","templated":true}]}}